{"id":527,"date":"2021-11-12T05:13:31","date_gmt":"2021-11-12T05:13:31","guid":{"rendered":"https:\/\/demo.casethemes.net\/industo\/?page_id=527"},"modified":"2025-01-27T12:35:44","modified_gmt":"2025-01-27T09:35:44","slug":"iletisim","status":"publish","type":"page","link":"https:\/\/mcb.com.tr\/fr\/iletisim\/","title":{"rendered":"Contactez-nous"},"content":{"rendered":"<div data-elementor-type=\"wp-page\" data-elementor-id=\"527\" class=\"elementor elementor-527\" data-elementor-post-type=\"page\">\n\t\t\t\t<div class=\"elementor-element elementor-element-c561f77 e-flex e-con-boxed e-con e-parent\" data-id=\"c561f77\" data-element_type=\"container\">\n\t\t\t\t\t<div class=\"e-con-inner\">\n\t\t<div class=\"elementor-element elementor-element-e71b8f5 e-con-full e-flex e-con e-child\" data-id=\"e71b8f5\" data-element_type=\"container\">\n\t\t<div class=\"elementor-element elementor-element-3609beb e-con-full e-flex e-con e-child\" data-id=\"3609beb\" data-element_type=\"container\" data-settings=\"{&quot;position&quot;:&quot;fixed&quot;}\">\n\t\t\t\t<div class=\"elementor-element elementor-element-b08deec bread-customize elementor-widget elementor-widget-text-editor\" data-id=\"b08deec\" data-element_type=\"widget\" data-widget_type=\"text-editor.default\">\n\t\t\t\t<div class=\"elementor-widget-container\">\n\t\t\t\t\t\t\t\t\tPage d\u2019accueil &gt;&gt; Contact\t\t\t\t\t\t\t\t<\/div>\n\t\t\t\t<\/div>\n\t\t\t\t<\/div>\n\t\t\t\t<\/div>\n\t\t\t\t\t<\/div>\n\t\t\t\t<\/div>\n\t\t        <section class=\"elementor-section elementor-top-section elementor-element elementor-element-89c9812 elementor-section-stretched elementor-section-boxed elementor-section-height-default elementor-section-height-default ct-header-fixed-none ct-column-none ct-row-scroll-none ct-row-gradient--none ct-row-container--default\" data-id=\"89c9812\" data-element_type=\"section\" data-settings=\"{&quot;stretch_section&quot;:&quot;section-stretched&quot;}\">\n            \n                        <div class=\"elementor-container elementor-column-gap-extended\">\n                    <div class=\"elementor-column elementor-col-100 elementor-top-column elementor-element elementor-element-2ba1be0 ct-column-none col-offset-none\" data-id=\"2ba1be0\" data-element_type=\"column\">\n        <div class=\"elementor-widget-wrap elementor-element-populated\">\n                    \n        \t\t<div class=\"elementor-element elementor-element-6caf3df elementor-widget elementor-widget-ct_heading\" data-id=\"6caf3df\" data-element_type=\"widget\" data-widget_type=\"ct_heading.default\">\n\t\t\t\t<div class=\"elementor-widget-container\">\n\t\t\t\t\t<div id=\"ct_heading-6caf3df\" class=\"ct-heading h-align-center item-st-default\">\r\n    <div class=\"heading-wrapper\">\r\n        <div class=\"inner-heading\">\r\n                          \t                <h3 class=\"item--title case-animate-time st-default\" data-wow-delay=\"ms\">\r\n                    <span>Coordonn\u00e9es<\/span>                <\/h3>\r\n        <\/div>\r\n    <\/div>\r\n<\/div>\r\n\t\t\t\t<\/div>\n\t\t\t\t<\/div>\n\t\t        <section class=\"elementor-section elementor-inner-section elementor-element elementor-element-6aab44c elementor-section-boxed elementor-section-height-default elementor-section-height-default ct-header-fixed-none ct-column-none ct-row-scroll-none ct-row-gradient--none ct-row-container--default\" data-id=\"6aab44c\" data-element_type=\"section\">\n            \n                        <div class=\"elementor-container elementor-column-gap-extended\">\n                    <div class=\"elementor-column elementor-col-33 elementor-inner-column elementor-element elementor-element-7064431 ct-column-none col-offset-none\" data-id=\"7064431\" data-element_type=\"column\">\n        <div class=\"elementor-widget-wrap elementor-element-populated\">\n                    \n        \t\t<div class=\"elementor-element elementor-element-20b6cfc elementor-widget elementor-widget-ct_info_box\" data-id=\"20b6cfc\" data-element_type=\"widget\" data-widget_type=\"ct_info_box.default\">\n\t\t\t\t<div class=\"elementor-widget-container\">\n\t\t\t\t\t\r\n<div id=\"ct_info_box-20b6cfc\" class=\"ct-info-box layout2 wow fadeInUp\" data-wow-delay=\"ms\">\r\n    <div class=\"inner-box layout-defualt\">\r\n                    <div class=\"item--icon icon-Scale-Delay\">\r\n                <i aria-hidden=\"true\" class=\"fas fa-map-marker-alt\"><\/i>            <\/div>\r\n                        <div class=\"item--meta\">\r\n                            <ul class=\"list-row\">\r\n                                                <li class=\"item--contact-info\">\r\n                                                                    <span class=\"ct-contact-content\">\r\n                                       <b>Kocaeli <\/b> <br>Barbaros mah. Funda sok. No.4\n41780 K\u00f6rfez \/ Kocaeli-T\u00dcRK\u0130YE <br>\n<b>Fax : <\/b>   +90 262 527 89 66<br> \n<b>T\u00e9l\u00e9phone :<\/b> <a href=\"\/fr\/tel 902625264670:\/\"> +90 262 526 46 70 \/ 71  <\/a> <br> \n<b>Mail:<\/b><a href=\"mailto:info@mcb.com.tr\">info@mcb.com.tr<\/a>                                    <\/span>\r\n                                                           <\/li>\r\n                                    <\/ul>\r\n                    <\/div>\r\n    <\/div>\r\n<\/div>\t\t\t\t<\/div>\n\t\t\t\t<\/div>\n\t\t            <\/div>\n        <\/div>\n                <div class=\"elementor-column elementor-col-33 elementor-inner-column elementor-element elementor-element-091a81d ct-column-none col-offset-none\" data-id=\"091a81d\" data-element_type=\"column\">\n        <div class=\"elementor-widget-wrap elementor-element-populated\">\n                    \n        \t\t<div class=\"elementor-element elementor-element-601f57b elementor-widget elementor-widget-ct_info_box\" data-id=\"601f57b\" data-element_type=\"widget\" data-widget_type=\"ct_info_box.default\">\n\t\t\t\t<div class=\"elementor-widget-container\">\n\t\t\t\t\t\r\n<div id=\"ct_info_box-601f57b\" class=\"ct-info-box layout2 wow fadeInUp\" data-wow-delay=\"ms\">\r\n    <div class=\"inner-box layout-defualt\">\r\n                    <div class=\"item--icon icon-shakeThatBooty\">\r\n                <i aria-hidden=\"true\" class=\"fas fa-map-marker-alt\"><\/i>            <\/div>\r\n                        <div class=\"item--meta\">\r\n                            <ul class=\"list-row\">\r\n                                                <li class=\"item--contact-info\">\r\n                                                                    <span class=\"ct-contact-content\">\r\n                                        <b>KIRIKKALE <\/b> <br>Hac\u0131lar Mevkii, Sa\u011fl\u0131k Caddesi\nNo: 151\/12 KIRIKKALE-T\u00dcRK\u0130YE <br> <b>Telefon:<\/b><a href=\"tel: 903182974243\"> +90 318 297 42 43 \/44  <\/a> <br>\n<b>Fax  : <\/b>  +90 318 297 42 45 \n<br>\n<b>Mail:<\/b><a href=\"mailto:info@mcb.com.tr\">info@mcb.com.tr<\/a>                                    <\/span>\r\n                                                           <\/li>\r\n                                    <\/ul>\r\n                    <\/div>\r\n    <\/div>\r\n<\/div>\t\t\t\t<\/div>\n\t\t\t\t<\/div>\n\t\t            <\/div>\n        <\/div>\n                <div class=\"elementor-column elementor-col-33 elementor-inner-column elementor-element elementor-element-942afde ct-column-none col-offset-none\" data-id=\"942afde\" data-element_type=\"column\">\n        <div class=\"elementor-widget-wrap elementor-element-populated\">\n                    \n        \t\t<div class=\"elementor-element elementor-element-7e1d60e elementor-widget elementor-widget-ct_info_box\" data-id=\"7e1d60e\" data-element_type=\"widget\" data-widget_type=\"ct_info_box.default\">\n\t\t\t\t<div class=\"elementor-widget-container\">\n\t\t\t\t\t\r\n<div id=\"ct_info_box-7e1d60e\" class=\"ct-info-box layout2 wow fadeInUp\" data-wow-delay=\"ms\">\r\n    <div class=\"inner-box layout-defualt\">\r\n                    <div class=\"item--icon icon-right-from-Left\">\r\n                <i aria-hidden=\"true\" class=\"fas fa-map-marker-alt\"><\/i>            <\/div>\r\n                        <div class=\"item--meta\">\r\n                            <ul class=\"list-row\">\r\n                                                <li class=\"item--contact-info\">\r\n                                                                    <span class=\"ct-contact-content\">\r\n                                       <b>USA Office <\/b> <br>619 Adams St., Hoboken, NJ, 07030 <br>\n <a href=\"tel: 19172576042\">Tel: +1 917 257 6042<br> <\/a>\n<b>Mail:<\/b> <a href=\"mailto:info@mcb.com.tr\"> info@mcb.com.tr <\/a>\n<br> \n<br> \n<br>                                     <\/span>\r\n                                                           <\/li>\r\n                                    <\/ul>\r\n                    <\/div>\r\n    <\/div>\r\n<\/div>\t\t\t\t<\/div>\n\t\t\t\t<\/div>\n\t\t            <\/div>\n        <\/div>\n                    <\/div>\n        <\/section>\n                <section class=\"elementor-section elementor-inner-section elementor-element elementor-element-24f1894 elementor-section-boxed elementor-section-height-default elementor-section-height-default ct-header-fixed-none ct-column-none ct-row-scroll-none ct-row-gradient--none ct-row-container--default\" data-id=\"24f1894\" data-element_type=\"section\">\n            \n                        <div class=\"elementor-container elementor-column-gap-extended\">\n                    <div class=\"elementor-column elementor-col-33 elementor-inner-column elementor-element elementor-element-6fd1d20 ct-column-none col-offset-none\" data-id=\"6fd1d20\" data-element_type=\"column\">\n        <div class=\"elementor-widget-wrap elementor-element-populated\">\n                    \n        \t\t<div class=\"elementor-element elementor-element-367476f elementor-widget elementor-widget-ct_info_box\" data-id=\"367476f\" data-element_type=\"widget\" data-widget_type=\"ct_info_box.default\">\n\t\t\t\t<div class=\"elementor-widget-container\">\n\t\t\t\t\t\r\n<div id=\"ct_info_box-367476f\" class=\"ct-info-box layout2 wow fadeInUp\" data-wow-delay=\"ms\">\r\n    <div class=\"inner-box layout-defualt\">\r\n                    <div class=\"item--icon icon-Scale-Delay\">\r\n                <i aria-hidden=\"true\" class=\"flaticon flaticon-dog-house\"><\/i>            <\/div>\r\n                        <div class=\"item--meta\">\r\n                            <ul class=\"list-row\">\r\n                                                <li class=\"item--contact-info\">\r\n                                                                    <span class=\"ct-contact-content\">\r\n                                       <b>MCB Africa\n<\/b> <br>Immeuble Oro\/App 2B Boulevard du Gabon ILOT 7,\nLOT 289 Quartier Brou Fulgence\nMarcory, Abidjan \/ Cote d'lvoire <br>\n\n<b>T\u00e9l\u00e9phone :<\/b><a href=\"tel: 2250574564141\">+225 0574564141 <\/a><br> \n<b>Mail:<\/b> <a href=\"mailto:mamadou.ndiaye@mcb.com.tr\"> mamadou.ndiaye@mcb.com.tr <\/a>                                    <\/span>\r\n                                                           <\/li>\r\n                                    <\/ul>\r\n                    <\/div>\r\n    <\/div>\r\n<\/div>\t\t\t\t<\/div>\n\t\t\t\t<\/div>\n\t\t            <\/div>\n        <\/div>\n                <div class=\"elementor-column elementor-col-33 elementor-inner-column elementor-element elementor-element-45eee63 ct-column-none col-offset-none\" data-id=\"45eee63\" data-element_type=\"column\">\n        <div class=\"elementor-widget-wrap\">\n                    \n                    <\/div>\n        <\/div>\n                <div class=\"elementor-column elementor-col-33 elementor-inner-column elementor-element elementor-element-4c6af88 ct-column-none col-offset-none\" data-id=\"4c6af88\" data-element_type=\"column\">\n        <div class=\"elementor-widget-wrap\">\n                    \n                    <\/div>\n        <\/div>\n                    <\/div>\n        <\/section>\n                    <\/div>\n        <\/div>\n                    <\/div>\n        <\/section>\n                <section class=\"elementor-section elementor-top-section elementor-element elementor-element-63a6b79 elementor-section-stretched elementor-section-boxed elementor-section-height-default elementor-section-height-default ct-header-fixed-none ct-column-none ct-row-scroll-none ct-row-gradient--none ct-row-container--default\" data-id=\"63a6b79\" data-element_type=\"section\" id=\"map\" data-settings=\"{&quot;stretch_section&quot;:&quot;section-stretched&quot;,&quot;background_background&quot;:&quot;classic&quot;}\">\n            \n                        <div class=\"elementor-container elementor-column-gap-extended\">\n                    <div class=\"elementor-column elementor-col-100 elementor-top-column elementor-element elementor-element-9137595 ct-column-none col-offset-none\" data-id=\"9137595\" data-element_type=\"column\">\n        <div class=\"elementor-widget-wrap elementor-element-populated\">\n                    \n        \t\t<div class=\"elementor-element elementor-element-cf02c07 elementor-widget elementor-widget-google_maps\" data-id=\"cf02c07\" data-element_type=\"widget\" data-widget_type=\"google_maps.default\">\n\t\t\t\t<div class=\"elementor-widget-container\">\n\t\t\t\t\t\t\t<div class=\"elementor-custom-embed\">\n\t\t\t<iframe loading=\"lazy\"\n\t\t\t\t\tsrc=\"https:\/\/maps.google.com\/maps?q=MCB%20Sanayi%20urunleri&#038;t=m&#038;z=12&#038;output=embed&#038;iwloc=near\"\n\t\t\t\t\ttitle=\"MCB Sanayi urunleri\"\n\t\t\t\t\taria-label=\"MCB Sanayi urunleri\"\n\t\t\t><\/iframe>\n\t\t<\/div>\n\t\t\t\t\t\t<\/div>\n\t\t\t\t<\/div>\n\t\t            <\/div>\n        <\/div>\n                    <\/div>\n        <\/section>\n                <section class=\"elementor-section elementor-top-section elementor-element elementor-element-ae56fd5 elementor-section-stretched elementor-section-boxed elementor-section-height-default elementor-section-height-default ct-header-fixed-none ct-column-none ct-row-scroll-none ct-row-gradient--none ct-row-container--default\" data-id=\"ae56fd5\" data-element_type=\"section\" data-settings=\"{&quot;stretch_section&quot;:&quot;section-stretched&quot;}\">\n            \n                        <div class=\"elementor-container elementor-column-gap-extended\">\n                    <div class=\"elementor-column elementor-col-100 elementor-top-column elementor-element elementor-element-5dc2490 ct-column-none col-offset-none\" data-id=\"5dc2490\" data-element_type=\"column\">\n        <div class=\"elementor-widget-wrap elementor-element-populated\">\n                    \n        \t\t<div class=\"elementor-element elementor-element-f86b8b3 elementor-widget elementor-widget-ct_heading\" data-id=\"f86b8b3\" data-element_type=\"widget\" data-widget_type=\"ct_heading.default\">\n\t\t\t\t<div class=\"elementor-widget-container\">\n\t\t\t\t\t<div id=\"ct_heading-f86b8b3\" class=\"ct-heading h-align-center item-st-default\">\r\n    <div class=\"heading-wrapper\">\r\n        <div class=\"inner-heading\">\r\n                          \t            \t\t<div class=\"item--sub-title no-image-bg\">\r\n                                                <span>\r\n                            Formulaire de Contact                        <\/span>\r\n                    <\/div>\r\n            \t                <h3 class=\"item--title case-animate-time st-default\" data-wow-delay=\"ms\">\r\n                    <span>Contactez-nous<br \/>\n<\/span>                <\/h3>\r\n        <\/div>\r\n    <\/div>\r\n<\/div>\r\n\t\t\t\t<\/div>\n\t\t\t\t<\/div>\n\t\t\t\t<div class=\"elementor-element elementor-element-63a5d28 elementor-widget elementor-widget-ct_contact_form\" data-id=\"63a5d28\" data-element_type=\"widget\" data-widget_type=\"ct_contact_form.default\">\n\t\t\t\t<div class=\"elementor-widget-container\">\n\t\t\t\t\t    <div class=\"ct-contact-form ct-contact-form-layout1 style1\">\r\n        <div class=\"inner-layout\" >\r\n                        <div class=\"ct-contact-form\">\r\n                \n<div class=\"wpcf7 no-js\" id=\"wpcf7-f713-o1\" lang=\"en-US\" dir=\"ltr\" data-wpcf7-id=\"713\">\n<div class=\"screen-reader-response\"><p role=\"status\" aria-live=\"polite\" aria-atomic=\"true\"><\/p> <ul><\/ul><\/div>\n<form action=\"\/fr\/wp-json\/wp\/v2\/pages\/527#wpcf7-f713-o1\" method=\"post\" class=\"wpcf7-form init\" aria-label=\"Contact form\" novalidate=\"novalidate\" data-status=\"init\" data-trp-original-action=\"\/fr\/wp-json\/wp\/v2\/pages\/527#wpcf7-f713-o1\">\n<div style=\"display: none;\">\n<input type=\"hidden\" name=\"_wpcf7\" value=\"713\" \/>\n<input type=\"hidden\" name=\"_wpcf7_version\" value=\"6.0.2\" \/>\n<input type=\"hidden\" name=\"_wpcf7_locale\" value=\"en_US\" \/>\n<input type=\"hidden\" name=\"_wpcf7_unit_tag\" value=\"wpcf7-f713-o1\" \/>\n<input type=\"hidden\" name=\"_wpcf7_container_post\" value=\"0\" \/>\n<input type=\"hidden\" name=\"_wpcf7_posted_data_hash\" value=\"\" \/>\n<\/div>\n<div class=\"wp-row-ctf7\">\n\t<div class=\"row\">\n\t\t<div class=\"col-lg-6 col-md-6\">\n\t\t\t<div class=\"input-filled\">\n\t\t\t\t<p><span class=\"wpcf7-form-control-wrap\" data-name=\"your-name\"><input size=\"40\" maxlength=\"400\" class=\"wpcf7-form-control wpcf7-text wpcf7-validates-as-required\" aria-required=\"true\" aria-invalid=\"false\" placeholder=\"Votre nom\" value=\"\" type=\"text\" name=\"your-name\" \/><\/span>\n\t\t\t\t<\/p>\n\t\t\t<\/div>\n\t\t<\/div>\n\t\t<div class=\"col-lg-6 col-md-6\">\n\t\t\t<div class=\"input-filled\">\n\t\t\t\t<p><span class=\"wpcf7-form-control-wrap\" data-name=\"your-email\"><input size=\"40\" maxlength=\"400\" class=\"wpcf7-form-control wpcf7-email wpcf7-validates-as-required wpcf7-text wpcf7-validates-as-email\" aria-required=\"true\" aria-invalid=\"false\" placeholder=\"Votre adresse e-mail\" value=\"\" type=\"email\" name=\"your-email\" \/><\/span>\n\t\t\t\t<\/p>\n\t\t\t<\/div>\n\t\t<\/div>\n\t\t<div class=\"col-lg-6 col-md-6\">\n\t\t\t<div class=\"input-filled\">\n\t\t\t\t<p><span class=\"wpcf7-form-control-wrap\" data-name=\"your-phone\"><input size=\"40\" maxlength=\"400\" class=\"wpcf7-form-control wpcf7-text wpcf7-validates-as-required\" aria-required=\"true\" aria-invalid=\"false\" placeholder=\"T\u00e9l\u00e9phone\" value=\"\" type=\"text\" name=\"your-phone\" \/><\/span>\n\t\t\t\t<\/p>\n\t\t\t<\/div>\n\t\t<\/div>\n\t\t<div class=\"col-lg-6 col-md-6\">\n\t\t\t<div class=\"input-filled\">\n\t\t\t\t<p><span class=\"wpcf7-form-control-wrap\" data-name=\"your-subject\"><input size=\"40\" maxlength=\"400\" class=\"wpcf7-form-control wpcf7-text wpcf7-validates-as-required\" aria-required=\"true\" aria-invalid=\"false\" placeholder=\"Sujet\" value=\"\" type=\"text\" name=\"your-subject\" \/><\/span>\n\t\t\t\t<\/p>\n\t\t\t<\/div>\n\t\t<\/div>\n\t\t<div class=\"col-lg-12\">\n\t\t\t<div class=\"input-filled\">\n\t\t\t\t<p><span class=\"wpcf7-form-control-wrap\" data-name=\"your-message\"><textarea cols=\"40\" rows=\"10\" maxlength=\"2000\" class=\"wpcf7-form-control wpcf7-textarea\" aria-invalid=\"false\" placeholder=\"Votre message\" name=\"your-message\"><\/textarea><\/span>\n\t\t\t\t<\/p>\n\t\t\t<\/div>\n\t\t<\/div>\n\t\t<div class=\"col-lg-12\">\n\t\t\t<div class=\"input-filled input-filled-btn\">\n\t\t\t\t<p><input class=\"wpcf7-form-control wpcf7-submit has-spinner\" type=\"submit\" value=\"Envoyer\" \/>\n\t\t\t\t<\/p>\n\t\t\t<\/div>\n\t\t<\/div>\n\t<\/div>\n<\/div><div class=\"wpcf7-response-output\" aria-hidden=\"true\"><\/div>\n<input type=\"hidden\" name=\"trp-form-language\" value=\"fr\"\/><\/form>\n<\/div>\n            <\/div>\r\n        <\/div>\r\n    <\/div>\r\n\t\t\t\t<\/div>\n\t\t\t\t<\/div>\n\t\t            <\/div>\n        <\/div>\n                    <\/div>\n        <\/section>\n        \t\t<\/div>","protected":false},"excerpt":{"rendered":"<p>Anasayfa &gt;&gt; \u0130leti\u015fim \u0130leti\u015fim Bilgileri Kocaeli Barbaros mah. Funda sok. No.4 41780 K\u00f6rfez \/ Kocaeli-T\u00dcRK\u0130YE Fax : +90 262 527 89 66 Telefon : +90 262 526 46 70 \/ 71 Mail:info@mcb.com.tr KIRIKKALE Hac\u0131lar Mevkii, Sa\u011fl\u0131k Caddesi No: 151\/12 KIRIKKALE-T\u00dcRK\u0130YE Telefon: +90 318 297 42 43 \/44 Fax : +90 318 297 42 45 Mail:info@mcb.com.tr [&hellip;]<\/p>","protected":false},"author":1,"featured_media":0,"parent":0,"menu_order":0,"comment_status":"closed","ping_status":"closed","template":"","meta":{"footnotes":""},"class_list":["post-527","page","type-page","status-publish","hentry"],"_links":{"self":[{"href":"https:\/\/mcb.com.tr\/fr\/wp-json\/wp\/v2\/pages\/527","targetHints":{"allow":["GET"]}}],"collection":[{"href":"https:\/\/mcb.com.tr\/fr\/wp-json\/wp\/v2\/pages"}],"about":[{"href":"https:\/\/mcb.com.tr\/fr\/wp-json\/wp\/v2\/types\/page"}],"author":[{"embeddable":true,"href":"https:\/\/mcb.com.tr\/fr\/wp-json\/wp\/v2\/users\/1"}],"replies":[{"embeddable":true,"href":"https:\/\/mcb.com.tr\/fr\/wp-json\/wp\/v2\/comments?post=527"}],"version-history":[{"count":49,"href":"https:\/\/mcb.com.tr\/fr\/wp-json\/wp\/v2\/pages\/527\/revisions"}],"predecessor-version":[{"id":16215,"href":"https:\/\/mcb.com.tr\/fr\/wp-json\/wp\/v2\/pages\/527\/revisions\/16215"}],"wp:attachment":[{"href":"https:\/\/mcb.com.tr\/fr\/wp-json\/wp\/v2\/media?parent=527"}],"curies":[{"name":"wp","href":"https:\/\/api.w.org\/{rel}","templated":true}]}}