{"id":16021,"date":"2025-01-21T10:15:20","date_gmt":"2025-01-21T07:15:20","guid":{"rendered":"https:\/\/mcb.com.tr\/?page_id=16021"},"modified":"2025-01-27T14:24:14","modified_gmt":"2025-01-27T11:24:14","slug":"lpg-dolum-tesisi","status":"publish","type":"page","link":"https:\/\/mcb.com.tr\/fr\/lpg-dolum-tesisi\/","title":{"rendered":"Usine de Remplissage de GPL"},"content":{"rendered":"<div data-elementor-type=\"wp-page\" data-elementor-id=\"16021\" class=\"elementor elementor-16021\" data-elementor-post-type=\"page\">\n\t\t\t\t<div class=\"elementor-element elementor-element-8d5755c e-flex e-con-boxed e-con e-parent\" data-id=\"8d5755c\" data-element_type=\"container\">\n\t\t\t\t\t<div class=\"e-con-inner\">\n\t\t\t\t<div class=\"elementor-element elementor-element-631d564 elementor-widget elementor-widget-ct_service_grid\" data-id=\"631d564\" data-element_type=\"widget\" data-widget_type=\"ct_service_grid.default\">\n\t\t\t\t<div class=\"elementor-widget-container\">\n\t\t\t\t\t\r\n<div id=\"ct_service_grid-631d564\" class=\"ct-grid ct-service-grid2\" data-layout=\"masonry\" data-start-page=\"1\" data-max-pages=\"1\" data-total=\"7\" data-perpage=\"8\" data-next-link=\"\">\r\n    \r\n    <div class=\"ct-grid-inner ct-grid-masonry row animate-time\" data-gutter=\"15\">\r\n                            <div class=\"grid-item col-xl-3 col-lg-3 col-md-4 col-sm-6 col-12\">\r\n                        <div class=\"grid-item-inner\" data-wow-duration=\"1.2s\"> \r\n                            <div class=\"item--featured\" style=\"background-image: url(https:\/\/mcb.com.tr\/wp-content\/uploads\/2021\/12\/image-22.jpg);\"><\/div>\r\n                            <div class=\"item--body\">\r\n                                                                    <span class=\"item-number item-number1\">01<\/span>    \r\n                                                                                                                                                                    <h3 class=\"item--title\">\r\n                                        <a href=\"https:\/\/mcb.com.tr\/fr\/dolum-sonrasi-hazirlik-ekipmanlari\/\">\r\n                                            Pr\u00e9paration Post-Remplissage                                        <\/a>\r\n                                    <\/h3>\r\n                                                                                                                                    <div class=\"item-readmore\">\r\n                                        <a class=\"btn-readmore\" href=\"https:\/\/mcb.com.tr\/fr\/dolum-sonrasi-hazirlik-ekipmanlari\/\"><i class=\"caseicon-long-arrow-right-three\"><\/i><\/a>\r\n                                        <a class=\"btn-holder\" href=\"https:\/\/mcb.com.tr\/fr\/dolum-sonrasi-hazirlik-ekipmanlari\/\">La suite<i class=\"caseicon-long-arrow-right-three\"><\/i><\/a>\r\n                                    <\/div>\r\n                                                            <\/div>\r\n                        <\/div>\r\n                    <\/div>\r\n                                    <div class=\"grid-item col-xl-3 col-lg-3 col-md-4 col-sm-6 col-12\">\r\n                        <div class=\"grid-item-inner\" data-wow-duration=\"1.2s\"> \r\n                            <div class=\"item--featured\" style=\"background-image: url(https:\/\/mcb.com.tr\/wp-content\/uploads\/2021\/12\/image-22.jpg);\"><\/div>\r\n                            <div class=\"item--body\">\r\n                                                                    <span class=\"item-number item-number1\">02<\/span>    \r\n                                                                                                                                                                    <h3 class=\"item--title\">\r\n                                        <a href=\"https:\/\/mcb.com.tr\/fr\/tup-hazirlama\/\">\r\n                                            Pr\u00e9paration du Cylindre                                        <\/a>\r\n                                    <\/h3>\r\n                                                                                                                                    <div class=\"item-readmore\">\r\n                                        <a class=\"btn-readmore\" href=\"https:\/\/mcb.com.tr\/fr\/tup-hazirlama\/\"><i class=\"caseicon-long-arrow-right-three\"><\/i><\/a>\r\n                                        <a class=\"btn-holder\" href=\"https:\/\/mcb.com.tr\/fr\/tup-hazirlama\/\">La suite<i class=\"caseicon-long-arrow-right-three\"><\/i><\/a>\r\n                                    <\/div>\r\n                                                            <\/div>\r\n                        <\/div>\r\n                    <\/div>\r\n                                    <div class=\"grid-item col-xl-3 col-lg-3 col-md-4 col-sm-6 col-12\">\r\n                        <div class=\"grid-item-inner\" data-wow-duration=\"1.2s\"> \r\n                            <div class=\"item--featured\" style=\"background-image: url(https:\/\/mcb.com.tr\/wp-content\/uploads\/2021\/12\/image-22.jpg);\"><\/div>\r\n                            <div class=\"item--body\">\r\n                                                                    <span class=\"item-number item-number1\">03<\/span>    \r\n                                                                                                                                                                    <h3 class=\"item--title\">\r\n                                        <a href=\"https:\/\/mcb.com.tr\/fr\/tup-test-tadilat\/\">\r\n                                            Test de Cylindre                                        <\/a>\r\n                                    <\/h3>\r\n                                                                                                                                    <div class=\"item-readmore\">\r\n                                        <a class=\"btn-readmore\" href=\"https:\/\/mcb.com.tr\/fr\/tup-test-tadilat\/\"><i class=\"caseicon-long-arrow-right-three\"><\/i><\/a>\r\n                                        <a class=\"btn-holder\" href=\"https:\/\/mcb.com.tr\/fr\/tup-test-tadilat\/\">La suite<i class=\"caseicon-long-arrow-right-three\"><\/i><\/a>\r\n                                    <\/div>\r\n                                                            <\/div>\r\n                        <\/div>\r\n                    <\/div>\r\n                                    <div class=\"grid-item col-xl-3 col-lg-3 col-md-4 col-sm-6 col-12\">\r\n                        <div class=\"grid-item-inner\" data-wow-duration=\"1.2s\"> \r\n                            <div class=\"item--featured\" style=\"background-image: url(https:\/\/mcb.com.tr\/wp-content\/uploads\/2021\/12\/image-22.jpg);\"><\/div>\r\n                            <div class=\"item--body\">\r\n                                                                    <span class=\"item-number item-number1\">04<\/span>    \r\n                                                                                                                                                                    <h3 class=\"item--title\">\r\n                                        <a href=\"https:\/\/mcb.com.tr\/fr\/kontrol-sistemleri\/\">\r\n                                            Syst\u00e8mes de Contr\u00f4le                                        <\/a>\r\n                                    <\/h3>\r\n                                                                                                                                    <div class=\"item-readmore\">\r\n                                        <a class=\"btn-readmore\" href=\"https:\/\/mcb.com.tr\/fr\/kontrol-sistemleri\/\"><i class=\"caseicon-long-arrow-right-three\"><\/i><\/a>\r\n                                        <a class=\"btn-holder\" href=\"https:\/\/mcb.com.tr\/fr\/kontrol-sistemleri\/\">La suite<i class=\"caseicon-long-arrow-right-three\"><\/i><\/a>\r\n                                    <\/div>\r\n                                                            <\/div>\r\n                        <\/div>\r\n                    <\/div>\r\n                                    <div class=\"grid-item col-xl-3 col-lg-3 col-md-4 col-sm-6 col-12\">\r\n                        <div class=\"grid-item-inner\" data-wow-duration=\"1.2s\"> \r\n                            <div class=\"item--featured\" style=\"background-image: url(https:\/\/mcb.com.tr\/wp-content\/uploads\/2024\/07\/images.jpg);\"><\/div>\r\n                            <div class=\"item--body\">\r\n                                                                    <span class=\"item-number item-number1\">05<\/span>    \r\n                                                                                                                                                                    <h3 class=\"item--title\">\r\n                                        <a href=\"https:\/\/mcb.com.tr\/fr\/service\/projelendirme-ve-muhendislik\/\">\r\n                                            Projet et Ing\u00e9nierie                                        <\/a>\r\n                                    <\/h3>\r\n                                                                                                                                    <div class=\"item-readmore\">\r\n                                        <a class=\"btn-readmore\" href=\"https:\/\/mcb.com.tr\/fr\/service\/projelendirme-ve-muhendislik\/\"><i class=\"caseicon-long-arrow-right-three\"><\/i><\/a>\r\n                                        <a class=\"btn-holder\" href=\"https:\/\/mcb.com.tr\/fr\/service\/projelendirme-ve-muhendislik\/\">La suite<i class=\"caseicon-long-arrow-right-three\"><\/i><\/a>\r\n                                    <\/div>\r\n                                                            <\/div>\r\n                        <\/div>\r\n                    <\/div>\r\n                                    <div class=\"grid-item col-xl-3 col-lg-3 col-md-4 col-sm-6 col-12\">\r\n                        <div class=\"grid-item-inner\" data-wow-duration=\"1.2s\"> \r\n                            <div class=\"item--featured\" style=\"background-image: url(https:\/\/mcb.com.tr\/wp-content\/uploads\/2022\/02\/bg-columns.jpg);\"><\/div>\r\n                            <div class=\"item--body\">\r\n                                                                    <span class=\"item-number item-number1\">06<\/span>    \r\n                                                                                                                                                                    <h3 class=\"item--title\">\r\n                                        <a href=\"https:\/\/mcb.com.tr\/fr\/dolum-sistemleri\/\">\r\n                                            Syst\u00e8mes de Remplissage                                        <\/a>\r\n                                    <\/h3>\r\n                                                                                                                                    <div class=\"item-readmore\">\r\n                                        <a class=\"btn-readmore\" href=\"https:\/\/mcb.com.tr\/fr\/dolum-sistemleri\/\"><i class=\"caseicon-long-arrow-right-three\"><\/i><\/a>\r\n                                        <a class=\"btn-holder\" href=\"https:\/\/mcb.com.tr\/fr\/dolum-sistemleri\/\">La suite<i class=\"caseicon-long-arrow-right-three\"><\/i><\/a>\r\n                                    <\/div>\r\n                                                            <\/div>\r\n                        <\/div>\r\n                    <\/div>\r\n                                    <div class=\"grid-item col-xl-3 col-lg-3 col-md-4 col-sm-6 col-12\">\r\n                        <div class=\"grid-item-inner\" data-wow-duration=\"1.2s\"> \r\n                            <div class=\"item--featured\" style=\"background-image: url(https:\/\/mcb.com.tr\/wp-content\/uploads\/2022\/02\/bg-columns.jpg);\"><\/div>\r\n                            <div class=\"item--body\">\r\n                                                                    <span class=\"item-number item-number1\">07<\/span>    \r\n                                                                                                                                                                    <h3 class=\"item--title\">\r\n                                        <a href=\"https:\/\/mcb.com.tr\/fr\/tasima-sistemleri\/\">\r\n                                            Syst\u00e8mes de Convoyage                                        <\/a>\r\n                                    <\/h3>\r\n                                                                                                                                    <div class=\"item-readmore\">\r\n                                        <a class=\"btn-readmore\" href=\"https:\/\/mcb.com.tr\/fr\/tasima-sistemleri\/\"><i class=\"caseicon-long-arrow-right-three\"><\/i><\/a>\r\n                                        <a class=\"btn-holder\" href=\"https:\/\/mcb.com.tr\/fr\/tasima-sistemleri\/\">La suite<i class=\"caseicon-long-arrow-right-three\"><\/i><\/a>\r\n                                    <\/div>\r\n                                                            <\/div>\r\n                        <\/div>\r\n                    <\/div>\r\n                                    <div class=\"grid-sizer col-xl-3 col-lg-3 col-md-4 col-sm-6 col-12\"><\/div>\r\n            <\/div>\r\n        <\/div>\t\t\t\t<\/div>\n\t\t\t\t<\/div>\n\t\t\t\t\t<\/div>\n\t\t\t\t<\/div>\n\t\t\t\t<\/div>","protected":false},"excerpt":{"rendered":"<p>01 Dolum Sonras\u0131 Haz\u0131rl\u0131k Devam\u0131 02 T\u00fcp Haz\u0131rlama Devam\u0131 03 T\u00fcp Test\/Tadilat Devam\u0131 04 Kontrol Sistemleri Devam\u0131 05 Projelendirme ve M\u00fchendislik Devam\u0131 06 Dolum Sistemleri Devam\u0131 07 Ta\u015f\u0131ma Sistemleri Devam\u0131<\/p>","protected":false},"author":1,"featured_media":0,"parent":0,"menu_order":0,"comment_status":"closed","ping_status":"closed","template":"","meta":{"footnotes":""},"class_list":["post-16021","page","type-page","status-publish","hentry"],"_links":{"self":[{"href":"https:\/\/mcb.com.tr\/fr\/wp-json\/wp\/v2\/pages\/16021","targetHints":{"allow":["GET"]}}],"collection":[{"href":"https:\/\/mcb.com.tr\/fr\/wp-json\/wp\/v2\/pages"}],"about":[{"href":"https:\/\/mcb.com.tr\/fr\/wp-json\/wp\/v2\/types\/page"}],"author":[{"embeddable":true,"href":"https:\/\/mcb.com.tr\/fr\/wp-json\/wp\/v2\/users\/1"}],"replies":[{"embeddable":true,"href":"https:\/\/mcb.com.tr\/fr\/wp-json\/wp\/v2\/comments?post=16021"}],"version-history":[{"count":4,"href":"https:\/\/mcb.com.tr\/fr\/wp-json\/wp\/v2\/pages\/16021\/revisions"}],"predecessor-version":[{"id":16224,"href":"https:\/\/mcb.com.tr\/fr\/wp-json\/wp\/v2\/pages\/16021\/revisions\/16224"}],"wp:attachment":[{"href":"https:\/\/mcb.com.tr\/fr\/wp-json\/wp\/v2\/media?parent=16021"}],"curies":[{"name":"wp","href":"https:\/\/api.w.org\/{rel}","templated":true}]}}