{"id":14732,"date":"2024-07-23T11:03:27","date_gmt":"2024-07-23T08:03:27","guid":{"rendered":"https:\/\/mcb.com.tr\/?page_id=14732"},"modified":"2024-07-23T11:03:27","modified_gmt":"2024-07-23T08:03:27","slug":"tup-takip","status":"publish","type":"page","link":"https:\/\/mcb.com.tr\/fr\/tup-takip\/","title":{"rendered":"Suivi des Bouteilles"},"content":{"rendered":"<div data-elementor-type=\"wp-page\" data-elementor-id=\"14732\" class=\"elementor elementor-14732\" data-elementor-post-type=\"page\">\n\t\t\t\t<div class=\"elementor-element elementor-element-f16c6b5 e-flex e-con-boxed e-con e-parent\" data-id=\"f16c6b5\" data-element_type=\"container\">\n\t\t\t\t\t<div class=\"e-con-inner\">\n\t\t\t\t<div class=\"elementor-element elementor-element-ce028d2 elementor-widget elementor-widget-ct_service_grid\" data-id=\"ce028d2\" data-element_type=\"widget\" data-widget_type=\"ct_service_grid.default\">\n\t\t\t\t<div class=\"elementor-widget-container\">\n\t\t\t\t\t\r\n<div id=\"ct_service_grid-ce028d2\" class=\"ct-grid ct-service-grid2\" data-layout=\"masonry\" data-start-page=\"1\" data-max-pages=\"1\" data-total=\"5\" data-perpage=\"8\" data-next-link=\"\">\r\n    \r\n    <div class=\"ct-grid-inner ct-grid-masonry row animate-time\" data-gutter=\"15\">\r\n                            <div class=\"grid-item col-xl-4 col-lg-4 col-md-4 col-sm-6 col-12\">\r\n                        <div class=\"grid-item-inner\" data-wow-duration=\"1.2s\"> \r\n                            <div class=\"item--featured\" style=\"background-image: url(https:\/\/mcb.com.tr\/wp-content\/uploads\/2022\/02\/bg-columns.jpg);\"><\/div>\r\n                            <div class=\"item--body\">\r\n                                                                    <span class=\"item-number item-number1\">01<\/span>    \r\n                                                                                                                                                                    <h3 class=\"item--title\">\r\n                                        <a href=\"https:\/\/mcb.com.tr\/fr\/service\/bosaltma-sistemleri\/\">\r\n                                            Bo\u015faltma Sistemleri                                        <\/a>\r\n                                    <\/h3>\r\n                                                                                                        <div class=\"item--content\">\r\n                                            Fazla doldurulmu\u015f, ka\u00e7a\u011f\u0131 olan ve bak\u0131m yap\u0131lacak t\u00fcplerin bo\u015falt\u0131lmas\u0131 i\u00e7in...                                        <\/div>\r\n                                                                                                        <div class=\"item-readmore\">\r\n                                        <a class=\"btn-readmore\" href=\"https:\/\/mcb.com.tr\/fr\/service\/bosaltma-sistemleri\/\"><i class=\"caseicon-long-arrow-right-three\"><\/i><\/a>\r\n                                        <a class=\"btn-holder\" href=\"https:\/\/mcb.com.tr\/fr\/service\/bosaltma-sistemleri\/\">La suite<i class=\"caseicon-long-arrow-right-three\"><\/i><\/a>\r\n                                    <\/div>\r\n                                                            <\/div>\r\n                        <\/div>\r\n                    <\/div>\r\n                                    <div class=\"grid-item col-xl-4 col-lg-4 col-md-4 col-sm-6 col-12\">\r\n                        <div class=\"grid-item-inner\" data-wow-duration=\"1.2s\"> \r\n                            <div class=\"item--featured\" style=\"background-image: url(https:\/\/mcb.com.tr\/wp-content\/uploads\/2022\/02\/bg-columns.jpg);\"><\/div>\r\n                            <div class=\"item--body\">\r\n                                                                    <span class=\"item-number item-number1\">02<\/span>    \r\n                                                                                                                                                                    <h3 class=\"item--title\">\r\n                                        <a href=\"https:\/\/mcb.com.tr\/fr\/service\/gaz-aktarma-makinasi\/\">\r\n                                            Syst\u00e8me d'\u00e9vacuation                                        <\/a>\r\n                                    <\/h3>\r\n                                                                                                        <div class=\"item--content\">\r\n                                            Unit\u00e9 de Transfert de Gaz, les bouteilles surremplies, pr\u00e9sentant des fuites ou devant \u00eatre entretenues.                                        <\/div>\r\n                                                                                                        <div class=\"item-readmore\">\r\n                                        <a class=\"btn-readmore\" href=\"https:\/\/mcb.com.tr\/fr\/service\/gaz-aktarma-makinasi\/\"><i class=\"caseicon-long-arrow-right-three\"><\/i><\/a>\r\n                                        <a class=\"btn-holder\" href=\"https:\/\/mcb.com.tr\/fr\/service\/gaz-aktarma-makinasi\/\">La suite<i class=\"caseicon-long-arrow-right-three\"><\/i><\/a>\r\n                                    <\/div>\r\n                                                            <\/div>\r\n                        <\/div>\r\n                    <\/div>\r\n                                    <div class=\"grid-item col-xl-4 col-lg-4 col-md-4 col-sm-6 col-12\">\r\n                        <div class=\"grid-item-inner\" data-wow-duration=\"1.2s\"> \r\n                            <div class=\"item--featured\" style=\"background-image: url(https:\/\/mcb.com.tr\/wp-content\/uploads\/2022\/02\/bg-columns.jpg);\"><\/div>\r\n                            <div class=\"item--body\">\r\n                                                                    <span class=\"item-number item-number1\">03<\/span>    \r\n                                                                                                                                                                    <h3 class=\"item--title\">\r\n                                        <a href=\"https:\/\/mcb.com.tr\/fr\/service\/boyama-makinasi\/\">\r\n                                            Unit\u00e9 de peinture des cylindres                                        <\/a>\r\n                                    <\/h3>\r\n                                                                                                        <div class=\"item--content\">\r\n                                            L\u2019unit\u00e9 de peinture des bouteilles MCB permet la peinture automatique des bouteilles...                                        <\/div>\r\n                                                                                                        <div class=\"item-readmore\">\r\n                                        <a class=\"btn-readmore\" href=\"https:\/\/mcb.com.tr\/fr\/service\/boyama-makinasi\/\"><i class=\"caseicon-long-arrow-right-three\"><\/i><\/a>\r\n                                        <a class=\"btn-holder\" href=\"https:\/\/mcb.com.tr\/fr\/service\/boyama-makinasi\/\">La suite<i class=\"caseicon-long-arrow-right-three\"><\/i><\/a>\r\n                                    <\/div>\r\n                                                            <\/div>\r\n                        <\/div>\r\n                    <\/div>\r\n                                    <div class=\"grid-item col-xl-4 col-lg-4 col-md-4 col-sm-6 col-12\">\r\n                        <div class=\"grid-item-inner\" data-wow-duration=\"1.2s\"> \r\n                            <div class=\"item--featured\" style=\"background-image: url(https:\/\/mcb.com.tr\/wp-content\/uploads\/2022\/02\/bg-columns.jpg);\"><\/div>\r\n                            <div class=\"item--body\">\r\n                                                                    <span class=\"item-number item-number1\">04<\/span>    \r\n                                                                                                                                                                    <h3 class=\"item--title\">\r\n                                        <a href=\"https:\/\/mcb.com.tr\/fr\/service\/siyirma-ve-kurutma-makinasi\/\">\r\n                                            Machine de Raclage et de S\u00e9chage                                        <\/a>\r\n                                    <\/h3>\r\n                                                                                                        <div class=\"item--content\">\r\n                                            L\u2019unit\u00e9 de lavage et de s\u00e9chage des bouteilles fabriqu\u00e9e par MCB, apr\u00e8s le lavage des bouteilles, sur leur surface...                                        <\/div>\r\n                                                                                                        <div class=\"item-readmore\">\r\n                                        <a class=\"btn-readmore\" href=\"https:\/\/mcb.com.tr\/fr\/service\/siyirma-ve-kurutma-makinasi\/\"><i class=\"caseicon-long-arrow-right-three\"><\/i><\/a>\r\n                                        <a class=\"btn-holder\" href=\"https:\/\/mcb.com.tr\/fr\/service\/siyirma-ve-kurutma-makinasi\/\">La suite<i class=\"caseicon-long-arrow-right-three\"><\/i><\/a>\r\n                                    <\/div>\r\n                                                            <\/div>\r\n                        <\/div>\r\n                    <\/div>\r\n                                    <div class=\"grid-item col-xl-4 col-lg-4 col-md-4 col-sm-6 col-12\">\r\n                        <div class=\"grid-item-inner\" data-wow-duration=\"1.2s\"> \r\n                            <div class=\"item--featured\" style=\"background-image: url(https:\/\/mcb.com.tr\/wp-content\/uploads\/2022\/02\/bg-columns.jpg);\"><\/div>\r\n                            <div class=\"item--body\">\r\n                                                                    <span class=\"item-number item-number1\">05<\/span>    \r\n                                                                                                                                                                    <h3 class=\"item--title\">\r\n                                        <a href=\"https:\/\/mcb.com.tr\/fr\/service\/tup-yikama-makinasi\/\">\r\n                                            Processus de filtrage                                        <\/a>\r\n                                    <\/h3>\r\n                                                                                                        <div class=\"item--content\">\r\n                                            La machine de lavage des bouteilles permet de nettoyer les bouteilles, assurant ainsi \u00e0 la fois une meilleure...                                        <\/div>\r\n                                                                                                        <div class=\"item-readmore\">\r\n                                        <a class=\"btn-readmore\" href=\"https:\/\/mcb.com.tr\/fr\/service\/tup-yikama-makinasi\/\"><i class=\"caseicon-long-arrow-right-three\"><\/i><\/a>\r\n                                        <a class=\"btn-holder\" href=\"https:\/\/mcb.com.tr\/fr\/service\/tup-yikama-makinasi\/\">La suite<i class=\"caseicon-long-arrow-right-three\"><\/i><\/a>\r\n                                    <\/div>\r\n                                                            <\/div>\r\n                        <\/div>\r\n                    <\/div>\r\n                                    <div class=\"grid-sizer col-xl-4 col-lg-4 col-md-4 col-sm-6 col-12\"><\/div>\r\n            <\/div>\r\n        <\/div>\t\t\t\t<\/div>\n\t\t\t\t<\/div>\n\t\t\t\t\t<\/div>\n\t\t\t\t<\/div>\n\t\t\t\t<\/div>","protected":false},"excerpt":{"rendered":"<p>01 Bo\u015faltma Sistemleri Lorem Ipsum is simply dummy text of the printing and typesetting industry. Devam\u0131 02 Gaz Aktarma Makinas\u0131 Lorem Ipsum is simply dummy text of the printing and typesetting industry. Devam\u0131 03 Boyama Makinas\u0131 Lorem Ipsum is simply dummy text of the printing and typesetting industry. Devam\u0131 04 S\u0131y\u0131rma ve Kurutma Makinas\u0131 Lorem [&hellip;]<\/p>","protected":false},"author":1,"featured_media":0,"parent":0,"menu_order":0,"comment_status":"closed","ping_status":"closed","template":"","meta":{"footnotes":""},"class_list":["post-14732","page","type-page","status-publish","hentry"],"_links":{"self":[{"href":"https:\/\/mcb.com.tr\/fr\/wp-json\/wp\/v2\/pages\/14732","targetHints":{"allow":["GET"]}}],"collection":[{"href":"https:\/\/mcb.com.tr\/fr\/wp-json\/wp\/v2\/pages"}],"about":[{"href":"https:\/\/mcb.com.tr\/fr\/wp-json\/wp\/v2\/types\/page"}],"author":[{"embeddable":true,"href":"https:\/\/mcb.com.tr\/fr\/wp-json\/wp\/v2\/users\/1"}],"replies":[{"embeddable":true,"href":"https:\/\/mcb.com.tr\/fr\/wp-json\/wp\/v2\/comments?post=14732"}],"version-history":[{"count":1,"href":"https:\/\/mcb.com.tr\/fr\/wp-json\/wp\/v2\/pages\/14732\/revisions"}],"predecessor-version":[{"id":14733,"href":"https:\/\/mcb.com.tr\/fr\/wp-json\/wp\/v2\/pages\/14732\/revisions\/14733"}],"wp:attachment":[{"href":"https:\/\/mcb.com.tr\/fr\/wp-json\/wp\/v2\/media?parent=14732"}],"curies":[{"name":"wp","href":"https:\/\/api.w.org\/{rel}","templated":true}]}}