{"id":14675,"date":"2024-07-18T15:36:54","date_gmt":"2024-07-18T12:36:54","guid":{"rendered":"https:\/\/mcb.com.tr\/?page_id=14675"},"modified":"2025-03-24T14:41:31","modified_gmt":"2025-03-24T11:41:31","slug":"tehlikeli-madde-tasiyan-arac-bakim","status":"publish","type":"page","link":"https:\/\/mcb.com.tr\/fr\/tehlikeli-madde-tasiyan-arac-bakim\/","title":{"rendered":"Entretien des V\u00e9hicules Transportant des Marchandises Dangereuses"},"content":{"rendered":"<div data-elementor-type=\"wp-page\" data-elementor-id=\"14675\" class=\"elementor elementor-14675\" data-elementor-post-type=\"page\">\n\t\t\t\t<div class=\"elementor-element elementor-element-7aa2cb5 e-flex e-con-boxed e-con e-parent\" data-id=\"7aa2cb5\" data-element_type=\"container\">\n\t\t\t\t\t<div class=\"e-con-inner\">\n\t\t<div class=\"elementor-element elementor-element-facae64 e-con-full e-flex e-con e-child\" data-id=\"facae64\" data-element_type=\"container\" data-settings=\"{&quot;position&quot;:&quot;fixed&quot;}\">\n\t\t\t\t<div class=\"elementor-element elementor-element-c2c2fd3 bread-customize elementor-widget elementor-widget-text-editor\" data-id=\"c2c2fd3\" data-element_type=\"widget\" data-widget_type=\"text-editor.default\">\n\t\t\t\t<div class=\"elementor-widget-container\">\n\t\t\t\t\t\t\t\t\tProduits et Solutions &gt;&gt; Entretien des V\u00e9hicules Transportant des Mati\u00e8res Dangereuses\t\t\t\t\t\t\t\t<\/div>\n\t\t\t\t<\/div>\n\t\t\t\t<\/div>\n\t\t\t\t\t<\/div>\n\t\t\t\t<\/div>\n\t\t        <section class=\"elementor-section elementor-top-section elementor-element elementor-element-74355b0 elementor-section-boxed elementor-section-height-default elementor-section-height-default ct-header-fixed-none ct-column-none ct-row-scroll-none ct-row-gradient--none ct-row-container--default\" data-id=\"74355b0\" data-element_type=\"section\">\n                            <div class=\"elementor-background-overlay\"><\/div>\n                \n                        <div class=\"elementor-container elementor-column-gap-extended\">\n                    <div class=\"elementor-column elementor-col-50 elementor-top-column elementor-element elementor-element-5c7c1df ct-column-none col-offset-none\" data-id=\"5c7c1df\" data-element_type=\"column\">\n        <div class=\"elementor-widget-wrap elementor-element-populated\">\n                    \n        \t\t<div class=\"elementor-element elementor-element-1eff21a elementor-widget__width-initial elementor-widget elementor-widget-ct_text_editor\" data-id=\"1eff21a\" data-element_type=\"widget\" data-widget_type=\"ct_text_editor.default\">\n\t\t\t\t<div class=\"elementor-widget-container\">\n\t\t\t\t\t<div id=\"ct_text_editor-1eff21a\" class=\"ct-text-editor\" data-wow-delay=\"ms\">\n\t<div class=\"ct-inline-css\"  data-css=\"        \t\t\">\n\n    <\/div>\n\t<div class=\"ct-text-editor-inner elementor-clearfix\">\n\t\t<p><span style=\"font-weight: 400\">Chez MCB, nous r\u00e9alisons depuis de nombreuses ann\u00e9es les tests, entretiens et r\u00e9parations des citernes transportant du GPL, des carburants et d'autres mati\u00e8res dangereuses, ainsi que des IsoContainers.\u00a0<\/span><\/p><p><span style=\"font-weight: 400\">En compl\u00e9ment, gr\u00e2ce \u00e0 notre expertise et notre exp\u00e9rience dans les secteurs du GPL et des carburants, nous op\u00e9rons depuis 2014 en tant que Centre d\u2019Inspection agr\u00e9\u00e9 par le Minist\u00e8re des Transports et de l\u2019Infrastructure pour les inspections ADR de v\u00e9hicules et de citernes, dans les r\u00e9gions de Kocaeli et K\u0131r\u0131kkale.<\/span><\/p><p><strong>Contactez-nous d\u00e8s aujourd\u2019hui pour discuter d\u2019un plan de maintenance adapt\u00e9 aux besoins de votre entreprise.\u00a0<\/strong><\/p>\t\t\n\t<\/div>\n<\/div>\t\t\t\t<\/div>\n\t\t\t\t<\/div>\n\t\t<div class=\"elementor-element elementor-element-2dd343c e-con-full e-flex e-con e-parent\" data-id=\"2dd343c\" data-element_type=\"container\">\n\t\t\t\t<div class=\"elementor-element elementor-element-7bc74f9 elementor-widget elementor-widget-heading\" data-id=\"7bc74f9\" data-element_type=\"widget\" data-widget_type=\"heading.default\">\n\t\t\t\t<div class=\"elementor-widget-container\">\n\t\t\t\t\t<h2 class=\"elementor-heading-title elementor-size-default\">Nos services<\/h2>\t\t\t\t<\/div>\n\t\t\t\t<\/div>\n\t\t\t\t<div class=\"elementor-element elementor-element-1bb8ab2 elementor-widget elementor-widget-ct_list\" data-id=\"1bb8ab2\" data-element_type=\"widget\" data-widget_type=\"ct_list.default\">\n\t\t\t\t<div class=\"elementor-widget-container\">\n\t\t\t\t\t    <div class=\"ct-list block\">\r\n                    <div class=\"ct-list-item\">\r\n                                    <div class=\"ct-list-icon\">\r\n                        <i aria-hidden=\"true\" class=\"fas fa-check\"><\/i>                    <\/div>\r\n                            \t<div class=\"ct-list-content\">\r\n                    \t            \t  Inspections ADR des v\u00e9hicules et des citernes (Cliquez ici pour plus d\u2019informations sur les inspections ADR)                    \t            <\/div>\r\n           <\/div>\r\n                    <div class=\"ct-list-item\">\r\n                                    <div class=\"ct-list-icon\">\r\n                        <i aria-hidden=\"true\" class=\"fas fa-check\"><\/i>                    <\/div>\r\n                            \t<div class=\"ct-list-content\">\r\n                    \t            \t  Travaux de modification et de r\u00e9paration de citernes                    \t            <\/div>\r\n           <\/div>\r\n                    <div class=\"ct-list-item\">\r\n                                    <div class=\"ct-list-icon\">\r\n                        <i aria-hidden=\"true\" class=\"fas fa-check\"><\/i>                    <\/div>\r\n                            \t<div class=\"ct-list-content\">\r\n                    \t            \t  Remplacement \/ r\u00e9paration de t\u00eate de citerne                    \t            <\/div>\r\n           <\/div>\r\n                    <div class=\"ct-list-item\">\r\n                                    <div class=\"ct-list-icon\">\r\n                        <i aria-hidden=\"true\" class=\"fas fa-check\"><\/i>                    <\/div>\r\n                            \t<div class=\"ct-list-content\">\r\n                    \t            \t  Orientation des orifices de la citerne                    \t            <\/div>\r\n           <\/div>\r\n                    <div class=\"ct-list-item\">\r\n                                    <div class=\"ct-list-icon\">\r\n                        <i aria-hidden=\"true\" class=\"fas fa-check\"><\/i>                    <\/div>\r\n                            \t<div class=\"ct-list-content\">\r\n                    \t            \t  Processus de certification apr\u00e8s modification ou r\u00e9paration                    \t            <\/div>\r\n           <\/div>\r\n                    <div class=\"ct-list-item\">\r\n                                    <div class=\"ct-list-icon\">\r\n                        <i aria-hidden=\"true\" class=\"fas fa-check\"><\/i>                    <\/div>\r\n                            \t<div class=\"ct-list-content\">\r\n                    \t            \t  Inspection, maintenance et contr\u00f4le des citernes IsoContainer sous la supervision d\u2019un organisme agr\u00e9\u00e9                    \t            <\/div>\r\n           <\/div>\r\n                    <div class=\"ct-list-item\">\r\n                                    <div class=\"ct-list-icon\">\r\n                        <i aria-hidden=\"true\" class=\"fas fa-check\"><\/i>                    <\/div>\r\n                            \t<div class=\"ct-list-content\">\r\n                    \t            \t  Changement de v\u00e9hicule \u2013 d\u00e9montage de la citerne et transfert du syst\u00e8me vers un nouveau v\u00e9hicule                    \t            <\/div>\r\n           <\/div>\r\n                    <div class=\"ct-list-item\">\r\n                                    <div class=\"ct-list-icon\">\r\n                        <i aria-hidden=\"true\" class=\"fas fa-check\"><\/i>                    <\/div>\r\n                            \t<div class=\"ct-list-content\">\r\n                    \t            \t  Travaux de sablage \/ peinture                    \t            <\/div>\r\n           <\/div>\r\n                    <div class=\"ct-list-item\">\r\n                                    <div class=\"ct-list-icon\">\r\n                        <i aria-hidden=\"true\" class=\"fas fa-check\"><\/i>                    <\/div>\r\n                            \t<div class=\"ct-list-content\">\r\n                    \t            \t  Traitement                    \t            <\/div>\r\n           <\/div>\r\n            <\/div>\r\n\t\t\t\t<\/div>\n\t\t\t\t<\/div>\n\t\t\t\t<div class=\"elementor-element elementor-element-685d739 elementor-widget__width-initial elementor-widget elementor-widget-image\" data-id=\"685d739\" data-element_type=\"widget\" data-widget_type=\"image.default\">\n\t\t\t\t<div class=\"elementor-widget-container\">\n\t\t\t\t\t\t\t\t\t\t\t\t\t\t\t<img fetchpriority=\"high\" decoding=\"async\" width=\"640\" height=\"427\" src=\"https:\/\/mcb.com.tr\/wp-content\/uploads\/2025\/03\/image.png\" class=\"attachment-large size-large wp-image-16296\" alt=\"\" srcset=\"https:\/\/mcb.com.tr\/wp-content\/uploads\/2025\/03\/image.png 969w, https:\/\/mcb.com.tr\/wp-content\/uploads\/2025\/03\/image-300x200.png 300w, https:\/\/mcb.com.tr\/wp-content\/uploads\/2025\/03\/image-768x513.png 768w, https:\/\/mcb.com.tr\/wp-content\/uploads\/2025\/03\/image-18x12.png 18w\" sizes=\"(max-width: 640px) 100vw, 640px\" \/>\t\t\t\t\t\t\t\t\t\t\t\t\t\t\t<\/div>\n\t\t\t\t<\/div>\n\t\t\t\t<\/div>\n\t\t            <\/div>\n        <\/div>\n                <div class=\"elementor-column elementor-col-50 elementor-top-column elementor-element elementor-element-cb2b5cb ct-column-none col-offset-none\" data-id=\"cb2b5cb\" data-element_type=\"column\">\n        <div class=\"elementor-widget-wrap elementor-element-populated\">\n                    \n        <div class=\"elementor-element elementor-element-e3d3732 e-con-full e-flex e-con e-parent\" data-id=\"e3d3732\" data-element_type=\"container\">\n\t\t\t\t<div class=\"elementor-element elementor-element-01a6375 elementor-widget elementor-widget-image\" data-id=\"01a6375\" data-element_type=\"widget\" data-widget_type=\"image.default\">\n\t\t\t\t<div class=\"elementor-widget-container\">\n\t\t\t\t\t\t\t\t\t\t\t\t\t\t\t<img decoding=\"async\" width=\"640\" height=\"524\" src=\"https:\/\/mcb.com.tr\/wp-content\/uploads\/2025\/03\/87bc1716b1182f56398c508abecf20d6-1-1024x838.png\" class=\"attachment-large size-large wp-image-16292\" alt=\"\" srcset=\"https:\/\/mcb.com.tr\/wp-content\/uploads\/2025\/03\/87bc1716b1182f56398c508abecf20d6-1-1024x838.png 1024w, https:\/\/mcb.com.tr\/wp-content\/uploads\/2025\/03\/87bc1716b1182f56398c508abecf20d6-1-300x245.png 300w, https:\/\/mcb.com.tr\/wp-content\/uploads\/2025\/03\/87bc1716b1182f56398c508abecf20d6-1-768x628.png 768w, https:\/\/mcb.com.tr\/wp-content\/uploads\/2025\/03\/87bc1716b1182f56398c508abecf20d6-1-15x12.png 15w, https:\/\/mcb.com.tr\/wp-content\/uploads\/2025\/03\/87bc1716b1182f56398c508abecf20d6-1.png 1500w\" sizes=\"(max-width: 640px) 100vw, 640px\" \/>\t\t\t\t\t\t\t\t\t\t\t\t\t\t\t<\/div>\n\t\t\t\t<\/div>\n\t\t\t\t<div class=\"elementor-element elementor-element-1bf1447 elementor-widget elementor-widget-image\" data-id=\"1bf1447\" data-element_type=\"widget\" data-widget_type=\"image.default\">\n\t\t\t\t<div class=\"elementor-widget-container\">\n\t\t\t\t\t\t\t\t\t\t\t\t\t\t\t<img decoding=\"async\" width=\"640\" height=\"480\" src=\"https:\/\/mcb.com.tr\/wp-content\/uploads\/2025\/03\/IMG_6136-1024x768.jpg\" class=\"attachment-large size-large wp-image-16293\" alt=\"\" srcset=\"https:\/\/mcb.com.tr\/wp-content\/uploads\/2025\/03\/IMG_6136-1024x768.jpg 1024w, https:\/\/mcb.com.tr\/wp-content\/uploads\/2025\/03\/IMG_6136-300x225.jpg 300w, https:\/\/mcb.com.tr\/wp-content\/uploads\/2025\/03\/IMG_6136-768x576.jpg 768w, https:\/\/mcb.com.tr\/wp-content\/uploads\/2025\/03\/IMG_6136-1536x1152.jpg 1536w, https:\/\/mcb.com.tr\/wp-content\/uploads\/2025\/03\/IMG_6136-2048x1536.jpg 2048w, https:\/\/mcb.com.tr\/wp-content\/uploads\/2025\/03\/IMG_6136-16x12.jpg 16w\" sizes=\"(max-width: 640px) 100vw, 640px\" \/>\t\t\t\t\t\t\t\t\t\t\t\t\t\t\t<\/div>\n\t\t\t\t<\/div>\n\t\t<div class=\"elementor-element elementor-element-56c2e5d e-flex e-con-boxed e-con e-child\" data-id=\"56c2e5d\" data-element_type=\"container\">\n\t\t\t\t\t<div class=\"e-con-inner\">\n\t\t<div class=\"elementor-element elementor-element-f43dba5 e-grid e-con-full e-con e-child\" data-id=\"f43dba5\" data-element_type=\"container\">\n\t\t\t\t<div class=\"elementor-element elementor-element-87352b0 elementor-widget elementor-widget-image\" data-id=\"87352b0\" data-element_type=\"widget\" data-widget_type=\"image.default\">\n\t\t\t\t<div class=\"elementor-widget-container\">\n\t\t\t\t\t\t\t\t\t\t\t\t\t\t\t<img loading=\"lazy\" decoding=\"async\" width=\"1600\" height=\"900\" src=\"https:\/\/mcb.com.tr\/wp-content\/uploads\/2025\/03\/WhatsApp-Image-2017-07-16-at-16.30.44.jpg\" class=\"attachment-full size-full wp-image-16294\" alt=\"\" srcset=\"https:\/\/mcb.com.tr\/wp-content\/uploads\/2025\/03\/WhatsApp-Image-2017-07-16-at-16.30.44.jpg 1600w, https:\/\/mcb.com.tr\/wp-content\/uploads\/2025\/03\/WhatsApp-Image-2017-07-16-at-16.30.44-300x169.jpg 300w, https:\/\/mcb.com.tr\/wp-content\/uploads\/2025\/03\/WhatsApp-Image-2017-07-16-at-16.30.44-1024x576.jpg 1024w, https:\/\/mcb.com.tr\/wp-content\/uploads\/2025\/03\/WhatsApp-Image-2017-07-16-at-16.30.44-768x432.jpg 768w, https:\/\/mcb.com.tr\/wp-content\/uploads\/2025\/03\/WhatsApp-Image-2017-07-16-at-16.30.44-1536x864.jpg 1536w, https:\/\/mcb.com.tr\/wp-content\/uploads\/2025\/03\/WhatsApp-Image-2017-07-16-at-16.30.44-18x10.jpg 18w\" sizes=\"(max-width: 1600px) 100vw, 1600px\" \/>\t\t\t\t\t\t\t\t\t\t\t\t\t\t\t<\/div>\n\t\t\t\t<\/div>\n\t\t\t\t<div class=\"elementor-element elementor-element-3cee4a3 elementor-widget elementor-widget-image\" data-id=\"3cee4a3\" data-element_type=\"widget\" data-widget_type=\"image.default\">\n\t\t\t\t<div class=\"elementor-widget-container\">\n\t\t\t\t\t\t\t\t\t\t\t\t\t\t\t<img loading=\"lazy\" decoding=\"async\" width=\"150\" height=\"150\" src=\"https:\/\/mcb.com.tr\/wp-content\/uploads\/2025\/03\/20151124_092458-150x150.jpg\" class=\"attachment-thumbnail size-thumbnail wp-image-16295\" alt=\"\" srcset=\"https:\/\/mcb.com.tr\/wp-content\/uploads\/2025\/03\/20151124_092458-150x150.jpg 150w, https:\/\/mcb.com.tr\/wp-content\/uploads\/2025\/03\/20151124_092458-90x90.jpg 90w\" sizes=\"(max-width: 150px) 100vw, 150px\" \/>\t\t\t\t\t\t\t\t\t\t\t\t\t\t\t<\/div>\n\t\t\t\t<\/div>\n\t\t\t\t<\/div>\n\t\t\t\t\t<\/div>\n\t\t\t\t<\/div>\n\t\t\t\t<\/div>\n\t\t            <\/div>\n        <\/div>\n                    <\/div>\n        <\/section>\n        \t\t<\/div>","protected":false},"excerpt":{"rendered":"<p>\u00dcr\u00fcn ve \u00c7\u00f6z\u00fcmler &gt;&gt; Tehlikeli Madde Ta\u015f\u0131yan Ara\u00e7 Bak\u0131m MCB olarak uzun y\u0131llard\u0131r LPG, akaryak\u0131t ve di\u011fer tehlikeli madde ta\u015f\u0131yan tanklar\u0131n, IsoContainer\u2019lar\u0131n testlerini, bak\u0131mlar\u0131n\u0131 ve tamiratlar\u0131n\u0131 ger\u00e7ekle\u015ftiriyoruz.\u00a0 Bunlara ek olarak, LPG ve akaryak\u0131t sekt\u00f6r\u00fcndeki deneyimimiz ve bilgimizle, 2014 y\u0131l\u0131ndan beri ADR Ara\u00e7 ve Tank Muayenesi i\u00e7in Ula\u015ft\u0131rma ve Altyap\u0131 Bakanl\u0131\u011f\u0131 taraf\u0131ndan yetkilendirilmi\u015f Muayene Merkezi olarak [&hellip;]<\/p>","protected":false},"author":1,"featured_media":0,"parent":0,"menu_order":0,"comment_status":"closed","ping_status":"closed","template":"","meta":{"footnotes":""},"class_list":["post-14675","page","type-page","status-publish","hentry"],"_links":{"self":[{"href":"https:\/\/mcb.com.tr\/fr\/wp-json\/wp\/v2\/pages\/14675","targetHints":{"allow":["GET"]}}],"collection":[{"href":"https:\/\/mcb.com.tr\/fr\/wp-json\/wp\/v2\/pages"}],"about":[{"href":"https:\/\/mcb.com.tr\/fr\/wp-json\/wp\/v2\/types\/page"}],"author":[{"embeddable":true,"href":"https:\/\/mcb.com.tr\/fr\/wp-json\/wp\/v2\/users\/1"}],"replies":[{"embeddable":true,"href":"https:\/\/mcb.com.tr\/fr\/wp-json\/wp\/v2\/comments?post=14675"}],"version-history":[{"count":31,"href":"https:\/\/mcb.com.tr\/fr\/wp-json\/wp\/v2\/pages\/14675\/revisions"}],"predecessor-version":[{"id":16312,"href":"https:\/\/mcb.com.tr\/fr\/wp-json\/wp\/v2\/pages\/14675\/revisions\/16312"}],"wp:attachment":[{"href":"https:\/\/mcb.com.tr\/fr\/wp-json\/wp\/v2\/media?parent=14675"}],"curies":[{"name":"wp","href":"https:\/\/api.w.org\/{rel}","templated":true}]}}