{"id":14641,"date":"2024-07-18T15:22:41","date_gmt":"2024-07-18T12:22:41","guid":{"rendered":"https:\/\/mcb.com.tr\/?page_id=14641"},"modified":"2024-11-01T10:42:00","modified_gmt":"2024-11-01T07:42:00","slug":"dolum-sistemleri","status":"publish","type":"page","link":"https:\/\/mcb.com.tr\/fr\/dolum-sistemleri\/","title":{"rendered":"Syst\u00e8mes de Remplissage"},"content":{"rendered":"<div data-elementor-type=\"wp-page\" data-elementor-id=\"14641\" class=\"elementor elementor-14641\" data-elementor-post-type=\"page\">\n\t\t\t\t<div class=\"elementor-element elementor-element-f16c6b5 e-flex e-con-boxed e-con e-parent\" data-id=\"f16c6b5\" data-element_type=\"container\">\n\t\t\t\t\t<div class=\"e-con-inner\">\n\t\t\t\t<div class=\"elementor-element elementor-element-ce028d2 elementor-widget elementor-widget-ct_service_grid\" data-id=\"ce028d2\" data-element_type=\"widget\" data-widget_type=\"ct_service_grid.default\">\n\t\t\t\t<div class=\"elementor-widget-container\">\n\t\t\t\t\t\r\n<div id=\"ct_service_grid-ce028d2\" class=\"ct-grid ct-service-grid2\" data-layout=\"masonry\" data-start-page=\"1\" data-max-pages=\"1\" data-total=\"6\" data-perpage=\"8\" data-next-link=\"\">\r\n    \r\n    <div class=\"ct-grid-inner ct-grid-masonry row animate-time\" data-gutter=\"15\">\r\n                            <div class=\"grid-item col-xl-4 col-lg-4 col-md-4 col-sm-6 col-12\">\r\n                        <div class=\"grid-item-inner\" data-wow-duration=\"1.2s\"> \r\n                            <div class=\"item--featured\" style=\"background-image: url(https:\/\/mcb.com.tr\/wp-content\/uploads\/2022\/02\/bg-columns.jpg);\"><\/div>\r\n                            <div class=\"item--body\">\r\n                                                                    <span class=\"item-number item-number1\">01<\/span>    \r\n                                                                                                                                                                    <h3 class=\"item--title\">\r\n                                        <a href=\"https:\/\/mcb.com.tr\/fr\/service\/hat-ustu-dolum-sistemleri\/\">\r\n                                            Syst\u00e8mes de remplissage sur ligne (In-Line):                                        <\/a>\r\n                                    <\/h3>\r\n                                                                                                        <div class=\"item--content\">\r\n                                            Les syst\u00e8mes de remplissage en ligne, les installations de remplissage de bouteilles de GPL \u00e0 faible capacit\u00e9..                                        <\/div>\r\n                                                                                                        <div class=\"item-readmore\">\r\n                                        <a class=\"btn-readmore\" href=\"https:\/\/mcb.com.tr\/fr\/service\/hat-ustu-dolum-sistemleri\/\"><i class=\"caseicon-long-arrow-right-three\"><\/i><\/a>\r\n                                        <a class=\"btn-holder\" href=\"https:\/\/mcb.com.tr\/fr\/service\/hat-ustu-dolum-sistemleri\/\">La suite<i class=\"caseicon-long-arrow-right-three\"><\/i><\/a>\r\n                                    <\/div>\r\n                                                            <\/div>\r\n                        <\/div>\r\n                    <\/div>\r\n                                    <div class=\"grid-item col-xl-4 col-lg-4 col-md-4 col-sm-6 col-12\">\r\n                        <div class=\"grid-item-inner\" data-wow-duration=\"1.2s\"> \r\n                            <div class=\"item--featured\" style=\"background-image: url(https:\/\/mcb.com.tr\/wp-content\/uploads\/2022\/02\/bg-columns.jpg);\"><\/div>\r\n                            <div class=\"item--body\">\r\n                                                                    <span class=\"item-number item-number1\">02<\/span>    \r\n                                                                                                                                                                    <h3 class=\"item--title\">\r\n                                        <a href=\"https:\/\/mcb.com.tr\/fr\/service\/karusel\/\">\r\n                                            Carrousel                                        <\/a>\r\n                                    <\/h3>\r\n                                                                                                        <div class=\"item--content\">\r\n                                            Avec le carrousel de remplissage des bouteilles, les bouteilles de GPL peuvent \u00eatre remplies de mani\u00e8re la plus rapide et la plus s\u00fbre...                                        <\/div>\r\n                                                                                                        <div class=\"item-readmore\">\r\n                                        <a class=\"btn-readmore\" href=\"https:\/\/mcb.com.tr\/fr\/service\/karusel\/\"><i class=\"caseicon-long-arrow-right-three\"><\/i><\/a>\r\n                                        <a class=\"btn-holder\" href=\"https:\/\/mcb.com.tr\/fr\/service\/karusel\/\">La suite<i class=\"caseicon-long-arrow-right-three\"><\/i><\/a>\r\n                                    <\/div>\r\n                                                            <\/div>\r\n                        <\/div>\r\n                    <\/div>\r\n                                    <div class=\"grid-item col-xl-4 col-lg-4 col-md-4 col-sm-6 col-12\">\r\n                        <div class=\"grid-item-inner\" data-wow-duration=\"1.2s\"> \r\n                            <div class=\"item--featured\" style=\"background-image: url(https:\/\/mcb.com.tr\/wp-content\/uploads\/2022\/02\/bg-columns.jpg);\"><\/div>\r\n                            <div class=\"item--body\">\r\n                                                                    <span class=\"item-number item-number1\">03<\/span>    \r\n                                                                                                                                                                    <h3 class=\"item--title\">\r\n                                        <a href=\"https:\/\/mcb.com.tr\/fr\/service\/konteyner-dolum\/\">\r\n                                            Syst\u00e8mes de remplissage de conteneurs                                        <\/a>\r\n                                    <\/h3>\r\n                                                                                                        <div class=\"item--content\">\r\n                                            Le syst\u00e8me de remplissage en conteneur MCB est destin\u00e9 aux installations recherchant une solution de remplissage mobile...                                        <\/div>\r\n                                                                                                        <div class=\"item-readmore\">\r\n                                        <a class=\"btn-readmore\" href=\"https:\/\/mcb.com.tr\/fr\/service\/konteyner-dolum\/\"><i class=\"caseicon-long-arrow-right-three\"><\/i><\/a>\r\n                                        <a class=\"btn-holder\" href=\"https:\/\/mcb.com.tr\/fr\/service\/konteyner-dolum\/\">La suite<i class=\"caseicon-long-arrow-right-three\"><\/i><\/a>\r\n                                    <\/div>\r\n                                                            <\/div>\r\n                        <\/div>\r\n                    <\/div>\r\n                                    <div class=\"grid-item col-xl-4 col-lg-4 col-md-4 col-sm-6 col-12\">\r\n                        <div class=\"grid-item-inner\" data-wow-duration=\"1.2s\"> \r\n                            <div class=\"item--featured\" style=\"background-image: url(https:\/\/mcb.com.tr\/wp-content\/uploads\/2022\/02\/bg-columns.jpg);\"><\/div>\r\n                            <div class=\"item--body\">\r\n                                                                    <span class=\"item-number item-number1\">04<\/span>    \r\n                                                                                                                                                                    <h3 class=\"item--title\">\r\n                                        <a href=\"https:\/\/mcb.com.tr\/fr\/service\/skit-sistem\/\">\r\n                                            Syst\u00e8mes de remplissage compacts (SKID)                                        <\/a>\r\n                                    <\/h3>\r\n                                                                                                        <div class=\"item--content\">\r\n                                            Le syst\u00e8me skid MCB, adapt\u00e9 \u00e0 toutes les bouteilles, occupe un minimum d\u2019espace et peut \u00eatre install\u00e9 partout o\u00f9 vous le souhaitez...                                        <\/div>\r\n                                                                                                        <div class=\"item-readmore\">\r\n                                        <a class=\"btn-readmore\" href=\"https:\/\/mcb.com.tr\/fr\/service\/skit-sistem\/\"><i class=\"caseicon-long-arrow-right-three\"><\/i><\/a>\r\n                                        <a class=\"btn-holder\" href=\"https:\/\/mcb.com.tr\/fr\/service\/skit-sistem\/\">La suite<i class=\"caseicon-long-arrow-right-three\"><\/i><\/a>\r\n                                    <\/div>\r\n                                                            <\/div>\r\n                        <\/div>\r\n                    <\/div>\r\n                                    <div class=\"grid-item col-xl-4 col-lg-4 col-md-4 col-sm-6 col-12\">\r\n                        <div class=\"grid-item-inner\" data-wow-duration=\"1.2s\"> \r\n                            <div class=\"item--featured\" style=\"background-image: url(https:\/\/mcb.com.tr\/wp-content\/uploads\/2022\/02\/bg-columns.jpg);\"><\/div>\r\n                            <div class=\"item--body\">\r\n                                                                    <span class=\"item-number item-number1\">05<\/span>    \r\n                                                                                                                                                                    <h3 class=\"item--title\">\r\n                                        <a href=\"https:\/\/mcb.com.tr\/fr\/service\/dolum-terazisi\/\">\r\n                                            Balance de Remplissage                                        <\/a>\r\n                                    <\/h3>\r\n                                                                                                        <div class=\"item--content\">\r\n                                            La balance de remplissage permet le remplissage pr\u00e9cis et exact des bouteilles de GPL...                                        <\/div>\r\n                                                                                                        <div class=\"item-readmore\">\r\n                                        <a class=\"btn-readmore\" href=\"https:\/\/mcb.com.tr\/fr\/service\/dolum-terazisi\/\"><i class=\"caseicon-long-arrow-right-three\"><\/i><\/a>\r\n                                        <a class=\"btn-holder\" href=\"https:\/\/mcb.com.tr\/fr\/service\/dolum-terazisi\/\">La suite<i class=\"caseicon-long-arrow-right-three\"><\/i><\/a>\r\n                                    <\/div>\r\n                                                            <\/div>\r\n                        <\/div>\r\n                    <\/div>\r\n                                    <div class=\"grid-item col-xl-4 col-lg-4 col-md-4 col-sm-6 col-12\">\r\n                        <div class=\"grid-item-inner\" data-wow-duration=\"1.2s\"> \r\n                            <div class=\"item--featured\" style=\"background-image: url(https:\/\/mcb.com.tr\/wp-content\/uploads\/2022\/02\/pic1-1.jpg);\"><\/div>\r\n                            <div class=\"item--body\">\r\n                                                                    <span class=\"item-number item-number1\">06<\/span>    \r\n                                                                                                                                                                    <h3 class=\"item--title\">\r\n                                        <a href=\"https:\/\/mcb.com.tr\/fr\/service\/karusel-giris-cikis-sistemleri\/\">\r\n                                            Syst\u00e8mes d'insertion et d'\u00e9jection du carrousel                                        <\/a>\r\n                                    <\/h3>\r\n                                                                                                        <div class=\"item--content\">\r\n                                            Les syst\u00e8mes d'entr\u00e9e et de sortie du carrousel fonctionnent en int\u00e9gration avec le carrousel pour assurer le transfert des bouteilles...                                        <\/div>\r\n                                                                                                        <div class=\"item-readmore\">\r\n                                        <a class=\"btn-readmore\" href=\"https:\/\/mcb.com.tr\/fr\/service\/karusel-giris-cikis-sistemleri\/\"><i class=\"caseicon-long-arrow-right-three\"><\/i><\/a>\r\n                                        <a class=\"btn-holder\" href=\"https:\/\/mcb.com.tr\/fr\/service\/karusel-giris-cikis-sistemleri\/\">La suite<i class=\"caseicon-long-arrow-right-three\"><\/i><\/a>\r\n                                    <\/div>\r\n                                                            <\/div>\r\n                        <\/div>\r\n                    <\/div>\r\n                                    <div class=\"grid-sizer col-xl-4 col-lg-4 col-md-4 col-sm-6 col-12\"><\/div>\r\n            <\/div>\r\n        <\/div>\t\t\t\t<\/div>\n\t\t\t\t<\/div>\n\t\t\t\t\t<\/div>\n\t\t\t\t<\/div>\n\t\t\t\t<\/div>","protected":false},"excerpt":{"rendered":"<p>01 Hat \u00dcst\u00fc Dolum Sistemleri Lorem Ipsum is simply dummy text of the printing and typesetting industry. Devam\u0131 02 Karusel Lorem Ipsum is simply dummy text of the printing and typesetting industry. Devam\u0131 03 Konteyner Dolum Lorem Ipsum is simply dummy text of the printing and typesetting industry. Devam\u0131 04 Skit Sistem Lorem Ipsum is [&hellip;]<\/p>","protected":false},"author":1,"featured_media":0,"parent":0,"menu_order":0,"comment_status":"closed","ping_status":"closed","template":"","meta":{"footnotes":""},"class_list":["post-14641","page","type-page","status-publish","hentry"],"_links":{"self":[{"href":"https:\/\/mcb.com.tr\/fr\/wp-json\/wp\/v2\/pages\/14641","targetHints":{"allow":["GET"]}}],"collection":[{"href":"https:\/\/mcb.com.tr\/fr\/wp-json\/wp\/v2\/pages"}],"about":[{"href":"https:\/\/mcb.com.tr\/fr\/wp-json\/wp\/v2\/types\/page"}],"author":[{"embeddable":true,"href":"https:\/\/mcb.com.tr\/fr\/wp-json\/wp\/v2\/users\/1"}],"replies":[{"embeddable":true,"href":"https:\/\/mcb.com.tr\/fr\/wp-json\/wp\/v2\/comments?post=14641"}],"version-history":[{"count":7,"href":"https:\/\/mcb.com.tr\/fr\/wp-json\/wp\/v2\/pages\/14641\/revisions"}],"predecessor-version":[{"id":15237,"href":"https:\/\/mcb.com.tr\/fr\/wp-json\/wp\/v2\/pages\/14641\/revisions\/15237"}],"wp:attachment":[{"href":"https:\/\/mcb.com.tr\/fr\/wp-json\/wp\/v2\/media?parent=14641"}],"curies":[{"name":"wp","href":"https:\/\/api.w.org\/{rel}","templated":true}]}}