{"id":14622,"date":"2024-07-18T14:59:49","date_gmt":"2024-07-18T11:59:49","guid":{"rendered":"https:\/\/mcb.com.tr\/?page_id=14622"},"modified":"2024-10-18T11:10:47","modified_gmt":"2024-10-18T08:10:47","slug":"tasima-sistemleri","status":"publish","type":"page","link":"https:\/\/mcb.com.tr\/fr\/tasima-sistemleri\/","title":{"rendered":"Syst\u00e8mes de Convoyage"},"content":{"rendered":"<div data-elementor-type=\"wp-page\" data-elementor-id=\"14622\" class=\"elementor elementor-14622\" data-elementor-post-type=\"page\">\n\t\t\t\t<div class=\"elementor-element elementor-element-f16c6b5 e-flex e-con-boxed e-con e-parent\" data-id=\"f16c6b5\" data-element_type=\"container\">\n\t\t\t\t\t<div class=\"e-con-inner\">\n\t\t\t\t<div class=\"elementor-element elementor-element-ce028d2 elementor-widget elementor-widget-ct_service_grid\" data-id=\"ce028d2\" data-element_type=\"widget\" data-widget_type=\"ct_service_grid.default\">\n\t\t\t\t<div class=\"elementor-widget-container\">\n\t\t\t\t\t\r\n<div id=\"ct_service_grid-ce028d2\" class=\"ct-grid ct-service-grid2\" data-layout=\"masonry\" data-start-page=\"1\" data-max-pages=\"1\" data-total=\"2\" data-perpage=\"8\" data-next-link=\"\">\r\n    \r\n    <div class=\"ct-grid-inner ct-grid-masonry row animate-time\" data-gutter=\"15\">\r\n                            <div class=\"grid-item col-xl-4 col-lg-4 col-md-4 col-sm-6 col-12\">\r\n                        <div class=\"grid-item-inner\" data-wow-duration=\"1.2s\"> \r\n                            <div class=\"item--featured\" style=\"background-image: url(https:\/\/mcb.com.tr\/wp-content\/uploads\/2022\/02\/bg-columns.jpg);\"><\/div>\r\n                            <div class=\"item--body\">\r\n                                                                    <span class=\"item-number item-number1\">01<\/span>    \r\n                                                                                                                                                                    <h3 class=\"item--title\">\r\n                                        <a href=\"https:\/\/mcb.com.tr\/fr\/service\/konveyor-sistemleri\/\">\r\n                                            Syst\u00e8mes de transport                                        <\/a>\r\n                                    <\/h3>\r\n                                                                                                        <div class=\"item--content\">\r\n                                            Les syst\u00e8mes de convoyeurs fabriqu\u00e9s par MCB permettent d\u2019acheminer les bouteilles de GPL vers les points souhait\u00e9s...                                        <\/div>\r\n                                                                                                        <div class=\"item-readmore\">\r\n                                        <a class=\"btn-readmore\" href=\"https:\/\/mcb.com.tr\/fr\/service\/konveyor-sistemleri\/\"><i class=\"caseicon-long-arrow-right-three\"><\/i><\/a>\r\n                                        <a class=\"btn-holder\" href=\"https:\/\/mcb.com.tr\/fr\/service\/konveyor-sistemleri\/\">La suite<i class=\"caseicon-long-arrow-right-three\"><\/i><\/a>\r\n                                    <\/div>\r\n                                                            <\/div>\r\n                        <\/div>\r\n                    <\/div>\r\n                                    <div class=\"grid-item col-xl-4 col-lg-4 col-md-4 col-sm-6 col-12\">\r\n                        <div class=\"grid-item-inner\" data-wow-duration=\"1.2s\"> \r\n                            <div class=\"item--featured\" style=\"background-image: url(https:\/\/mcb.com.tr\/wp-content\/uploads\/2022\/02\/pic1-1.jpg);\"><\/div>\r\n                            <div class=\"item--body\">\r\n                                                                    <span class=\"item-number item-number1\">02<\/span>    \r\n                                                                                                                                                                    <h3 class=\"item--title\">\r\n                                        <a href=\"https:\/\/mcb.com.tr\/fr\/service\/teleskopik-konveyor\/\">\r\n                                            Syst\u00e8mes de convoyeurs t\u00e9lescopiques:                                        <\/a>\r\n                                    <\/h3>\r\n                                                                                                        <div class=\"item--content\">\r\n                                            Les convoyeurs t\u00e9lescopiques fabriqu\u00e9s par MCB permettent le d\u00e9placement des bouteilles de GPL avec un minimum d\u2019effort...                                        <\/div>\r\n                                                                                                        <div class=\"item-readmore\">\r\n                                        <a class=\"btn-readmore\" href=\"https:\/\/mcb.com.tr\/fr\/service\/teleskopik-konveyor\/\"><i class=\"caseicon-long-arrow-right-three\"><\/i><\/a>\r\n                                        <a class=\"btn-holder\" href=\"https:\/\/mcb.com.tr\/fr\/service\/teleskopik-konveyor\/\">La suite<i class=\"caseicon-long-arrow-right-three\"><\/i><\/a>\r\n                                    <\/div>\r\n                                                            <\/div>\r\n                        <\/div>\r\n                    <\/div>\r\n                                    <div class=\"grid-sizer col-xl-4 col-lg-4 col-md-4 col-sm-6 col-12\"><\/div>\r\n            <\/div>\r\n        <\/div>\t\t\t\t<\/div>\n\t\t\t\t<\/div>\n\t\t\t\t\t<\/div>\n\t\t\t\t<\/div>\n\t\t\t\t<\/div>","protected":false},"excerpt":{"rendered":"<p>01 Zincir Lorem Ipsum is simply dummy text of the printing and typesetting industry. Devam\u0131 02 Konvey\u00f6r Sistemleri Lorem Ipsum is simply dummy text of the printing and typesetting industry. Devam\u0131 03 Teleskopik Konvey\u00f6r Lorem Ipsum is simply dummy text of the printing and typesetting industry. Devam\u0131<\/p>","protected":false},"author":1,"featured_media":0,"parent":0,"menu_order":0,"comment_status":"closed","ping_status":"closed","template":"","meta":{"footnotes":""},"class_list":["post-14622","page","type-page","status-publish","hentry"],"_links":{"self":[{"href":"https:\/\/mcb.com.tr\/fr\/wp-json\/wp\/v2\/pages\/14622","targetHints":{"allow":["GET"]}}],"collection":[{"href":"https:\/\/mcb.com.tr\/fr\/wp-json\/wp\/v2\/pages"}],"about":[{"href":"https:\/\/mcb.com.tr\/fr\/wp-json\/wp\/v2\/types\/page"}],"author":[{"embeddable":true,"href":"https:\/\/mcb.com.tr\/fr\/wp-json\/wp\/v2\/users\/1"}],"replies":[{"embeddable":true,"href":"https:\/\/mcb.com.tr\/fr\/wp-json\/wp\/v2\/comments?post=14622"}],"version-history":[{"count":14,"href":"https:\/\/mcb.com.tr\/fr\/wp-json\/wp\/v2\/pages\/14622\/revisions"}],"predecessor-version":[{"id":14890,"href":"https:\/\/mcb.com.tr\/fr\/wp-json\/wp\/v2\/pages\/14622\/revisions\/14890"}],"wp:attachment":[{"href":"https:\/\/mcb.com.tr\/fr\/wp-json\/wp\/v2\/media?parent=14622"}],"curies":[{"name":"wp","href":"https:\/\/api.w.org\/{rel}","templated":true}]}}