{"id":214,"date":"2021-11-09T15:14:05","date_gmt":"2021-11-09T15:14:05","guid":{"rendered":"https:\/\/demo.casethemes.net\/industo\/?page_id=214"},"modified":"2025-04-30T12:50:02","modified_gmt":"2025-04-30T09:50:02","slug":"about-us","status":"publish","type":"page","link":"https:\/\/mcb.com.tr\/en\/about-us\/","title":{"rendered":"About Us"},"content":{"rendered":"<div data-elementor-type=\"wp-page\" data-elementor-id=\"214\" class=\"elementor elementor-214\" data-elementor-post-type=\"page\">\n\t\t\t\t<div class=\"elementor-element elementor-element-927c12b e-flex e-con-boxed e-con e-parent\" data-id=\"927c12b\" data-element_type=\"container\">\n\t\t\t\t\t<div class=\"e-con-inner\">\n\t\t<div class=\"elementor-element elementor-element-e13c97a e-con-full e-flex e-con e-child\" data-id=\"e13c97a\" data-element_type=\"container\">\n\t\t<div class=\"elementor-element elementor-element-02a8328 e-con-full e-flex e-con e-child\" data-id=\"02a8328\" data-element_type=\"container\" data-settings=\"{&quot;position&quot;:&quot;fixed&quot;}\">\n\t\t\t\t<div class=\"elementor-element elementor-element-172531e bread-customize elementor-widget elementor-widget-text-editor\" data-id=\"172531e\" data-element_type=\"widget\" data-widget_type=\"text-editor.default\">\n\t\t\t\t<div class=\"elementor-widget-container\">\n\t\t\t\t\t\t\t\t\tHome &gt;&gt; About Us\t\t\t\t\t\t\t\t<\/div>\n\t\t\t\t<\/div>\n\t\t\t\t<\/div>\n\t\t\t\t<\/div>\n\t\t\t\t\t<\/div>\n\t\t\t\t<\/div>\n\t\t        <section class=\"elementor-section elementor-top-section elementor-element elementor-element-372ba97 elementor-section-stretched elementor-section-boxed elementor-section-height-default elementor-section-height-default ct-header-fixed-none ct-column-none ct-row-scroll-none ct-row-gradient--none ct-row-container--default\" data-id=\"372ba97\" data-element_type=\"section\" data-settings=\"{&quot;stretch_section&quot;:&quot;section-stretched&quot;}\">\n            \n                        <div class=\"elementor-container elementor-column-gap-extended\">\n                    <div class=\"elementor-column elementor-col-50 elementor-top-column elementor-element elementor-element-fa038eb ct-column-none col-offset-none\" data-id=\"fa038eb\" data-element_type=\"column\">\n        <div class=\"elementor-widget-wrap elementor-element-populated\">\n                    \n        \t\t<div class=\"elementor-element elementor-element-00cb8b9 elementor-widget elementor-widget-ct_heading\" data-id=\"00cb8b9\" data-element_type=\"widget\" data-widget_type=\"ct_heading.default\">\n\t\t\t\t<div class=\"elementor-widget-container\">\n\t\t\t\t\t<div id=\"ct_heading-00cb8b9\" class=\"ct-heading h-align-left item-st-default\">\r\n    <div class=\"heading-wrapper\">\r\n        <div class=\"inner-heading\">\r\n                          \t                <h3 class=\"item--title case-animate-time st-default\" data-wow-delay=\"ms\">\r\n                    <span>About Us<\/span>                <\/h3>\r\n        <\/div>\r\n    <\/div>\r\n<\/div>\r\n\t\t\t\t<\/div>\n\t\t\t\t<\/div>\n\t\t\t\t<div class=\"elementor-element elementor-element-e19aa83 elementor-widget-divider--view-line elementor-widget elementor-widget-divider\" data-id=\"e19aa83\" data-element_type=\"widget\" data-widget_type=\"divider.default\">\n\t\t\t\t<div class=\"elementor-widget-container\">\n\t\t\t\t\t\t\t<div class=\"elementor-divider\">\n\t\t\t<span class=\"elementor-divider-separator\">\n\t\t\t\t\t\t<\/span>\n\t\t<\/div>\n\t\t\t\t\t\t<\/div>\n\t\t\t\t<\/div>\n\t\t\t\t<div class=\"elementor-element elementor-element-08cf53d elementor-widget elementor-widget-ct_text_editor\" data-id=\"08cf53d\" data-element_type=\"widget\" data-widget_type=\"ct_text_editor.default\">\n\t\t\t\t<div class=\"elementor-widget-container\">\n\t\t\t\t\t<div id=\"ct_text_editor-08cf53d\" class=\"ct-text-editor\" data-wow-delay=\"ms\">\n\t<div class=\"ct-inline-css\"  data-css=\"        \t\t\">\n\n    <\/div>\n\t<div class=\"ct-text-editor-inner elementor-clearfix\">\n\t\t<p>Founded for the manufacturing of storage tanks, installations, and piping systems for the petroleum sector, the company has successfully completed the construction of numerous tanks, installations, and both land and marine pipelines over many years. Well-respected in the industry\u2014home to many international oil companies\u2014MCB has earned a distinguished reputation under the name of its founder.\n\nToday, operating as a Joint Stock Company with an experienced team, MCB continues to serve both the petroleum and LPG sectors in Turkey and abroad. Since the 1960s, MCB has provided system solutions to some of the largest LPG companies in the market, carrying its name into a new era of energy through its consistent success.\n\nMCB designs and manufactures project-based systems, plant installations, mechanical components, testing, and automation systems. It is also the official distributor in Turkey for MANNTEK and Blackmer, two of the world's most trusted brands in handling and storing LPG, ammonia, and refrigerant gases.<\/p>\t\t\n\t<\/div>\n<\/div>\t\t\t\t<\/div>\n\t\t\t\t<\/div>\n\t\t\t\t<div class=\"elementor-element elementor-element-374b32a elementor-widget-divider--view-line elementor-widget elementor-widget-divider\" data-id=\"374b32a\" data-element_type=\"widget\" data-widget_type=\"divider.default\">\n\t\t\t\t<div class=\"elementor-widget-container\">\n\t\t\t\t\t\t\t<div class=\"elementor-divider\">\n\t\t\t<span class=\"elementor-divider-separator\">\n\t\t\t\t\t\t<\/span>\n\t\t<\/div>\n\t\t\t\t\t\t<\/div>\n\t\t\t\t<\/div>\n\t\t            <\/div>\n        <\/div>\n                <div class=\"elementor-column elementor-col-50 elementor-top-column elementor-element elementor-element-052e42f ct-column-none col-offset-none\" data-id=\"052e42f\" data-element_type=\"column\">\n        <div class=\"elementor-widget-wrap elementor-element-populated\">\n                    \n        \t\t<div class=\"elementor-element elementor-element-6d14dc2 elementor-widget__width-auto ct-counter-layout1 elementor-widget elementor-widget-ct_counter\" data-id=\"6d14dc2\" data-element_type=\"widget\" data-widget_type=\"ct_counter.default\">\n\t\t\t\t<div class=\"elementor-widget-container\">\n\t\t\t\t\t<div class=\"ct-counter ct-counter-layout1\" data-wow-delay=\"ms\">\r\n    <div class=\"ct-counter-inner\">\r\n        <div class=\"ct-counter-meta\">\r\n                            <div class=\"ct-counter-icon\">\r\n                                                                                                        <\/div>\r\n                        <div class=\"ct-counter-number\">\r\n                                <span class=\"ct-counter-number-value\" data-duration=\"3000\" data-to-value=\"76\" data-delimiter=\",\">50<\/span>\r\n                                    <span class=\"ct-counter-number-suffix\">+<\/span>\r\n                            <\/div>\r\n        <\/div>\r\n                    <div class=\"ct-counter-title\">Years of Experience<\/div>\r\n            <\/div>\r\n<\/div>\t\t\t\t<\/div>\n\t\t\t\t<\/div>\n\t\t\t\t<div class=\"elementor-element elementor-element-bf0a3d5 elementor-widget elementor-widget-ct_banner\" data-id=\"bf0a3d5\" data-element_type=\"widget\" data-widget_type=\"ct_banner.default\">\n\t\t\t\t<div class=\"elementor-widget-container\">\n\t\t\t\t\t\t<div class=\"ct-banner layout3\">\r\n\t\t<div class=\"ct-banner-inner\">\r\n\t\t\t<div class=\"ct-banner-image\">\r\n\t\t\t\t<img fetchpriority=\"high\" decoding=\"async\" width=\"800\" height=\"800\" src=\"https:\/\/mcb.com.tr\/wp-content\/uploads\/2021\/11\/image-banner.jpg\" class=\"attachment-full\" alt=\"\" \/>\t            \t                <div class=\"ct-image-small small1\">\r\n\t                    <div class=\"image-small\">\r\n\t                        <img decoding=\"async\" width=\"480\" height=\"479\" src=\"https:\/\/mcb.com.tr\/wp-content\/uploads\/2021\/11\/image-setting.png\" class=\"attachment-full\" alt=\"\" \/>        \r\n\t                    <\/div>\r\n\t                <\/div>\r\n\t                <div class=\"ct-image-small small2\">\r\n\t                    <div class=\"image-small\">\r\n\t                        <img decoding=\"async\" width=\"480\" height=\"479\" src=\"https:\/\/mcb.com.tr\/wp-content\/uploads\/2021\/11\/image-setting.png\" class=\"attachment-full\" alt=\"\" \/>        \r\n\t                    <\/div>\r\n\t                <\/div>\r\n\t            \t\t\t<\/div>\r\n\t\t\t<div class=\"ct-banner-meta\">\r\n\t\t\t\t\t\t\t\t\t<div class=\"ct-banner-title ct-circle-type\">\r\n\t\t\t\t\t\t<svg id=\"tutorial\" data-name=\"tutorial\" xmlns=\"http:\/\/www.w3.org\/2000\/svg\" viewbox=\"0 0 144.48 144.48\">\r\n\t\t\t\t\t\t\t<path id=\"ct-banner-curve\" d=\"M242.93,123A71.74,71.74,0,1,1,171.2,51.22,71.73,71.73,0,0,1,242.93,123Z\" transform=\"translate(-98.96 -50.72)\"\/>\r\n\t\t\t\t\t\t\t<text fill=\"url(#ct-circle-text)\">\r\n\t\t\t\t\t\t        <textpath href=\"#ct-banner-curve\">\r\n\t\t\t\t\t\t\t\t\tD\u00fcnya markalar\u0131 distrib\u00fct\u00f6rl\u00fc\u011f\u00fc\t\t\t\t\t\t\t\t<\/textpath>\r\n\t\t\t\t\t\t    <\/text>\r\n\t\t\t\t\t\t<\/svg>\r\n\t\t\t\t\t<\/div>\r\n\t\t\t\t\t\t\t<\/div>\r\n\t\t<\/div>\r\n\t<\/div>\r\n\t\t\t\t<\/div>\n\t\t\t\t<\/div>\n\t\t            <\/div>\n        <\/div>\n                    <\/div>\n        <\/section>\n                <section class=\"elementor-section elementor-top-section elementor-element elementor-element-4ad02a72 elementor-section-stretched elementor-section-boxed elementor-section-height-default elementor-section-height-default ct-header-fixed-none ct-column-none ct-row-scroll-none ct-row-gradient--none ct-row-container--default\" data-id=\"4ad02a72\" data-element_type=\"section\" data-settings=\"{&quot;stretch_section&quot;:&quot;section-stretched&quot;,&quot;background_background&quot;:&quot;classic&quot;}\">\n            \n                        <div class=\"elementor-container elementor-column-gap-extended\">\n                    <div class=\"elementor-column elementor-col-100 elementor-top-column elementor-element elementor-element-58ac3287 ct-column-none col-offset-none\" data-id=\"58ac3287\" data-element_type=\"column\">\n        <div class=\"elementor-widget-wrap elementor-element-populated\">\n                    \n        \t\t<div class=\"elementor-element elementor-element-75c5eb8 elementor-widget elementor-widget-ct_heading\" data-id=\"75c5eb8\" data-element_type=\"widget\" data-widget_type=\"ct_heading.default\">\n\t\t\t\t<div class=\"elementor-widget-container\">\n\t\t\t\t\t<div id=\"ct_heading-75c5eb8\" class=\"ct-heading h-align-center item-st-default\">\r\n    <div class=\"heading-wrapper\">\r\n        <div class=\"inner-heading\">\r\n                          \t                <h3 class=\"item--title case-animate-time st-default\" data-wow-delay=\"ms\">\r\n                    <span class=\"slide-in-container\"><span class=\"d-inline-block wow case-fade-in-up\">Our References<\/span><\/span>                <\/h3>\r\n        <\/div>\r\n    <\/div>\r\n<\/div>\r\n\t\t\t\t<\/div>\n\t\t\t\t<\/div>\n\t\t\t\t<div class=\"elementor-element elementor-element-7fa1592 elementor-widget elementor-widget-image\" data-id=\"7fa1592\" data-element_type=\"widget\" data-widget_type=\"image.default\">\n\t\t\t\t<div class=\"elementor-widget-container\">\n\t\t\t\t\t\t\t\t\t\t\t\t\t\t\t<img decoding=\"async\" width=\"640\" height=\"341\" src=\"https:\/\/mcb.com.tr\/wp-content\/uploads\/2024\/10\/Ekran-goruntusu-2024-10-30-091337-Photoroom-1024x546.png\" class=\"attachment-large size-large wp-image-15084\" alt=\"\" srcset=\"https:\/\/mcb.com.tr\/wp-content\/uploads\/2024\/10\/Ekran-goruntusu-2024-10-30-091337-Photoroom-1024x546.png 1024w, https:\/\/mcb.com.tr\/wp-content\/uploads\/2024\/10\/Ekran-goruntusu-2024-10-30-091337-Photoroom-300x160.png 300w, https:\/\/mcb.com.tr\/wp-content\/uploads\/2024\/10\/Ekran-goruntusu-2024-10-30-091337-Photoroom-768x409.png 768w, https:\/\/mcb.com.tr\/wp-content\/uploads\/2024\/10\/Ekran-goruntusu-2024-10-30-091337-Photoroom-18x10.png 18w, https:\/\/mcb.com.tr\/wp-content\/uploads\/2024\/10\/Ekran-goruntusu-2024-10-30-091337-Photoroom.png 1184w\" sizes=\"(max-width: 640px) 100vw, 640px\" \/>\t\t\t\t\t\t\t\t\t\t\t\t\t\t\t<\/div>\n\t\t\t\t<\/div>\n\t\t            <\/div>\n        <\/div>\n                    <\/div>\n        <\/section>\n        \t\t<\/div>","protected":false},"excerpt":{"rendered":"<p>Anasayfa &gt;&gt; Hakk\u0131m\u0131zda Hakk\u0131m\u0131zda Petrol Sekt\u00f6r\u00fcn\u00fcn depolama tanklar\u0131, tesisat ve borulama sistemlerinin imalat\u0131 i\u00e7in kurulan \u015firket, uzun y\u0131llar \u00e7ok say\u0131da tank, tesisat, kara ve deniz boru hatlar\u0131n\u0131n in\u015fas\u0131n\u0131 ba\u015far\u0131yla ger\u00e7ekle\u015ftirdi. Uluslararas\u0131 bir\u00e7ok petrol \u015firketinin mensup oldu\u011fu bu sekt\u00f6rde kurucusunun ad\u0131 ile hakl\u0131 bir \u00fcne sahip olan MCB bug\u00fcn Anonim \u015eirket yap\u0131s\u0131 alt\u0131nda, tecr\u00fcbeli kadrosu ile [&hellip;]<\/p>","protected":false},"author":1,"featured_media":0,"parent":0,"menu_order":0,"comment_status":"closed","ping_status":"closed","template":"","meta":{"footnotes":""},"class_list":["post-214","page","type-page","status-publish","hentry"],"_links":{"self":[{"href":"https:\/\/mcb.com.tr\/en\/wp-json\/wp\/v2\/pages\/214","targetHints":{"allow":["GET"]}}],"collection":[{"href":"https:\/\/mcb.com.tr\/en\/wp-json\/wp\/v2\/pages"}],"about":[{"href":"https:\/\/mcb.com.tr\/en\/wp-json\/wp\/v2\/types\/page"}],"author":[{"embeddable":true,"href":"https:\/\/mcb.com.tr\/en\/wp-json\/wp\/v2\/users\/1"}],"replies":[{"embeddable":true,"href":"https:\/\/mcb.com.tr\/en\/wp-json\/wp\/v2\/comments?post=214"}],"version-history":[{"count":37,"href":"https:\/\/mcb.com.tr\/en\/wp-json\/wp\/v2\/pages\/214\/revisions"}],"predecessor-version":[{"id":16335,"href":"https:\/\/mcb.com.tr\/en\/wp-json\/wp\/v2\/pages\/214\/revisions\/16335"}],"wp:attachment":[{"href":"https:\/\/mcb.com.tr\/en\/wp-json\/wp\/v2\/media?parent=214"}],"curies":[{"name":"wp","href":"https:\/\/api.w.org\/{rel}","templated":true}]}}