{"id":14661,"date":"2024-07-18T15:32:55","date_gmt":"2024-07-18T12:32:55","guid":{"rendered":"https:\/\/mcb.com.tr\/?page_id=14661"},"modified":"2025-01-27T14:46:06","modified_gmt":"2025-01-27T11:46:06","slug":"dolum-sonrasi-hazirlik-ekipmanlari","status":"publish","type":"page","link":"https:\/\/mcb.com.tr\/en\/dolum-sonrasi-hazirlik-ekipmanlari\/","title":{"rendered":"Post-Filling Preparation"},"content":{"rendered":"<div data-elementor-type=\"wp-page\" data-elementor-id=\"14661\" class=\"elementor elementor-14661\" data-elementor-post-type=\"page\">\n\t\t\t\t<div class=\"elementor-element elementor-element-2c265e2 e-flex e-con-boxed e-con e-parent\" data-id=\"2c265e2\" data-element_type=\"container\">\n\t\t\t\t\t<div class=\"e-con-inner\">\n\t\t<div class=\"elementor-element elementor-element-43fc086 e-con-full e-flex e-con e-child\" data-id=\"43fc086\" data-element_type=\"container\">\n\t\t<div class=\"elementor-element elementor-element-46a8da5 e-con-full e-flex e-con e-child\" data-id=\"46a8da5\" data-element_type=\"container\" data-settings=\"{&quot;position&quot;:&quot;fixed&quot;}\">\n\t\t\t\t<div class=\"elementor-element elementor-element-1f43e23 bread-customize elementor-widget elementor-widget-text-editor\" data-id=\"1f43e23\" data-element_type=\"widget\" data-widget_type=\"text-editor.default\">\n\t\t\t\t<div class=\"elementor-widget-container\">\n\t\t\t\t\t\t\t\t\t\u00dcr\u00fcn ve \u00c7\u00f6z\u00fcmler &gt;&gt; <a href=\"https:\/\/mcb.com.tr\/en\/lpg-dolum-tesisi\/\"> LPG Filling Plant <\/a> &gt;&gt; Dolum Sonras\u0131 Haz\u0131rl\u0131k Ekipmanlar\u0131\n\t\t\t\t\t\t\t\t<\/div>\n\t\t\t\t<\/div>\n\t\t\t\t<\/div>\n\t\t\t\t<\/div>\n\t\t\t\t\t<\/div>\n\t\t\t\t<\/div>\n\t\t<div class=\"elementor-element elementor-element-e0e695f e-flex e-con-boxed e-con e-parent\" data-id=\"e0e695f\" data-element_type=\"container\">\n\t\t\t\t\t<div class=\"e-con-inner\">\n\t\t\t\t<div class=\"elementor-element elementor-element-7174abd elementor-widget elementor-widget-ct_service_grid\" data-id=\"7174abd\" data-element_type=\"widget\" data-widget_type=\"ct_service_grid.default\">\n\t\t\t\t<div class=\"elementor-widget-container\">\n\t\t\t\t\t\r\n<div id=\"ct_service_grid-7174abd\" class=\"ct-grid ct-service-grid2\" data-layout=\"masonry\" data-start-page=\"1\" data-max-pages=\"1\" data-total=\"1\" data-perpage=\"2\" data-next-link=\"\">\r\n    \r\n    <div class=\"ct-grid-inner ct-grid-masonry row animate-time\" data-gutter=\"15\">\r\n                            <div class=\"grid-item col-xl-6 col-lg-6 col-md-4 col-sm-6 col-12\">\r\n                        <div class=\"grid-item-inner\" data-wow-duration=\"1.2s\"> \r\n                            <div class=\"item--featured\" style=\"background-image: url(https:\/\/mcb.com.tr\/wp-content\/uploads\/2022\/02\/bg-columns.jpg);\"><\/div>\r\n                            <div class=\"item--body\">\r\n                                                                    <span class=\"item-number item-number1\">01<\/span>    \r\n                                                                                                                                                                    <h3 class=\"item--title\">\r\n                                        <a href=\"https:\/\/mcb.com.tr\/en\/service\/shrink\/\">\r\n                                            Shrink Machine                                        <\/a>\r\n                                    <\/h3>\r\n                                                                                                        <div class=\"item--content\">\r\n                                            The shrink machine is used to apply shrink caps onto the valves of filled cylinders to seal them and ensure safety.                                        <\/div>\r\n                                                                                                        <div class=\"item-readmore\">\r\n                                        <a class=\"btn-readmore\" href=\"https:\/\/mcb.com.tr\/en\/service\/shrink\/\"><i class=\"caseicon-long-arrow-right-three\"><\/i><\/a>\r\n                                        <a class=\"btn-holder\" href=\"https:\/\/mcb.com.tr\/en\/service\/shrink\/\">More<i class=\"caseicon-long-arrow-right-three\"><\/i><\/a>\r\n                                    <\/div>\r\n                                                            <\/div>\r\n                        <\/div>\r\n                    <\/div>\r\n                                    <div class=\"grid-sizer col-xl-6 col-lg-6 col-md-4 col-sm-6 col-12\"><\/div>\r\n            <\/div>\r\n        <\/div>\t\t\t\t<\/div>\n\t\t\t\t<\/div>\n\t\t\t\t\t<\/div>\n\t\t\t\t<\/div>\n\t\t\t\t<\/div>","protected":false},"excerpt":{"rendered":"<p>\u00dcr\u00fcn ve \u00c7\u00f6z\u00fcmler &gt;&gt; Lpg Dolum Tesisi &gt;&gt; Dolum Sonras\u0131 Haz\u0131rl\u0131k Ekipmanlar\u0131 01 Shrink Makinas\u0131 Shrink makinas\u0131 doldurulmu\u015f t\u00fcplerin valflerinin kapat\u0131lmas\u0131 i\u00e7in kullan\u0131l\u0131r&#8230; Devam\u0131<\/p>","protected":false},"author":1,"featured_media":0,"parent":0,"menu_order":0,"comment_status":"closed","ping_status":"closed","template":"","meta":{"footnotes":""},"class_list":["post-14661","page","type-page","status-publish","hentry"],"_links":{"self":[{"href":"https:\/\/mcb.com.tr\/en\/wp-json\/wp\/v2\/pages\/14661","targetHints":{"allow":["GET"]}}],"collection":[{"href":"https:\/\/mcb.com.tr\/en\/wp-json\/wp\/v2\/pages"}],"about":[{"href":"https:\/\/mcb.com.tr\/en\/wp-json\/wp\/v2\/types\/page"}],"author":[{"embeddable":true,"href":"https:\/\/mcb.com.tr\/en\/wp-json\/wp\/v2\/users\/1"}],"replies":[{"embeddable":true,"href":"https:\/\/mcb.com.tr\/en\/wp-json\/wp\/v2\/comments?post=14661"}],"version-history":[{"count":28,"href":"https:\/\/mcb.com.tr\/en\/wp-json\/wp\/v2\/pages\/14661\/revisions"}],"predecessor-version":[{"id":16250,"href":"https:\/\/mcb.com.tr\/en\/wp-json\/wp\/v2\/pages\/14661\/revisions\/16250"}],"wp:attachment":[{"href":"https:\/\/mcb.com.tr\/en\/wp-json\/wp\/v2\/media?parent=14661"}],"curies":[{"name":"wp","href":"https:\/\/api.w.org\/{rel}","templated":true}]}}